{"id":549002,"date":"2024-11-15T15:28:20","date_gmt":"2024-11-15T14:28:20","guid":{"rendered":"https:\/\/tilefly.com\/producto\/cretonne-fortune-rect-60x120\/"},"modified":"2024-12-10T20:48:46","modified_gmt":"2024-12-10T19:48:46","slug":"cretonne-fortune-rect-60x120","status":"publish","type":"product","link":"https:\/\/tilefly.com\/fr\/produit\/cretonne-fortune-rect-60x120\/","title":{"rendered":"CRETONNE FORTUNE RECT 60X120"},"content":{"rendered":"<h2><strong>CRETONNE FORTUNE RECT 60X120<\/strong><\/h2><\/p><p>Apportez vitalit\u00e9 et style \u00e0 vos sols avec le <strong>CRETONNE FORTUNE RECT 60X120<\/strong>. Ce gr\u00e8s c\u00e9rame au ton beige et \u00e0 la finition brillante pr\u00e9sente un design d\u00e9cor\u00e9 et imitation marbre, id\u00e9al pour cr\u00e9er des espaces pleins d&#8217;\u00e9l\u00e9gance et de personnalit\u00e9. <\/p><p>Faisant partie de la collection <a href=\"https:\/\/tilefly.com\/producto\/tonality\/\">Tonality<\/a>, cette pi\u00e8ce vous invite \u00e0 explorer des combinaisons uniques et vivantes.<\/p><p>Transformez vos environnements et d\u00e9couvrez les possibilit\u00e9s offertes par la s\u00e9rie Tonality avec cette pi\u00e8ce exclusive.<\/p>","protected":false},"excerpt":{"rendered":"<p>CRETONNE FORTUNE RECT 60X120Apportez vitalit\u00e9 et style \u00e0 vos sols avec le CRETONNE FORTUNE RECT 60X120. Ce gr\u00e8s c\u00e9rame au ton beige et \u00e0 la finition brillante pr\u00e9sente un design d\u00e9cor\u00e9 et imitation marbre, id\u00e9al pour cr\u00e9er des espaces pleins d&#8217;\u00e9l\u00e9gance et de personnalit\u00e9. Faisant partie de la collection Tonality, cette pi\u00e8ce vous invite \u00e0 [&hellip;]<\/p>\n","protected":false},"featured_media":545924,"comment_status":"open","ping_status":"closed","template":"","meta":[],"product_brand":[],"product_cat":[353,355,356,354],"product_tag":[],"class_list":{"0":"post-549002","1":"product","2":"type-product","3":"status-publish","4":"has-post-thumbnail","6":"product_cat-carrelage","7":"product_cat-cuisines","8":"product_cat-faiences","9":"product_cat-carrelage-salle-de-bain","11":"first","12":"instock","13":"shipping-taxable","14":"purchasable","15":"product-type-simple"},"_links":{"self":[{"href":"https:\/\/tilefly.com\/fr\/wp-json\/wp\/v2\/product\/549002","targetHints":{"allow":["GET"]}}],"collection":[{"href":"https:\/\/tilefly.com\/fr\/wp-json\/wp\/v2\/product"}],"about":[{"href":"https:\/\/tilefly.com\/fr\/wp-json\/wp\/v2\/types\/product"}],"replies":[{"embeddable":true,"href":"https:\/\/tilefly.com\/fr\/wp-json\/wp\/v2\/comments?post=549002"}],"wp:featuredmedia":[{"embeddable":true,"href":"https:\/\/tilefly.com\/fr\/wp-json\/wp\/v2\/media\/545924"}],"wp:attachment":[{"href":"https:\/\/tilefly.com\/fr\/wp-json\/wp\/v2\/media?parent=549002"}],"wp:term":[{"taxonomy":"product_brand","embeddable":true,"href":"https:\/\/tilefly.com\/fr\/wp-json\/wp\/v2\/product_brand?post=549002"},{"taxonomy":"product_cat","embeddable":true,"href":"https:\/\/tilefly.com\/fr\/wp-json\/wp\/v2\/product_cat?post=549002"},{"taxonomy":"product_tag","embeddable":true,"href":"https:\/\/tilefly.com\/fr\/wp-json\/wp\/v2\/product_tag?post=549002"}],"curies":[{"name":"wp","href":"https:\/\/api.w.org\/{rel}","templated":true}]}}