{"id":549000,"date":"2024-11-15T15:28:35","date_gmt":"2024-11-15T14:28:35","guid":{"rendered":"https:\/\/tilefly.com\/producto\/triana-caoba-rect-20x120\/"},"modified":"2024-12-10T20:48:45","modified_gmt":"2024-12-10T19:48:45","slug":"triana-caoba-rect-20x120","status":"publish","type":"product","link":"https:\/\/tilefly.com\/fr\/produit\/triana-caoba-rect-20x120\/","title":{"rendered":"TRIANA CAOBA RECT 20X120"},"content":{"rendered":"<h2><strong>TRIANA ACAJOU RECT 20X120<\/strong><\/h2><\/p><p>D\u00e9couvrez le charme de <strong>TRIANA CAOBA RECT 20X120<\/strong>, un gr\u00e8s c\u00e9rame au ton acajou chaud qui \u00e9voque la beaut\u00e9 naturelle du bois. Sa finition mate et son design imitation bois en font le choix id\u00e9al pour les rev\u00eatements de sol qui cherchent \u00e0 transmettre l&#8217;\u00e9l\u00e9gance et la chaleur. <\/p><p>Appartenant \u00e0 la collection <a href=\"https:\/\/tilefly.com\/producto\/triana\/\">Triana<\/a>, cette pi\u00e8ce est le reflet d&#8217;un processus soigneusement \u00e9labor\u00e9, dans lequel chaque grain raconte une histoire et transmet l&#8217;essence d&#8217;un quartier plein d&#8217;art et de tradition.<\/p><p>Transformez vos espaces et ressentez la musique et la vie que Triana porte dans chaque pi\u00e8ce.<\/p>","protected":false},"excerpt":{"rendered":"<p>TRIANA ACAJOU RECT 20X120D\u00e9couvrez le charme de TRIANA CAOBA RECT 20X120, un gr\u00e8s c\u00e9rame au ton acajou chaud qui \u00e9voque la beaut\u00e9 naturelle du bois. Sa finition mate et son design imitation bois en font le choix id\u00e9al pour les rev\u00eatements de sol qui cherchent \u00e0 transmettre l&#8217;\u00e9l\u00e9gance et la chaleur. Appartenant \u00e0 la collection [&hellip;]<\/p>\n","protected":false},"featured_media":545937,"comment_status":"open","ping_status":"closed","template":"","meta":[],"product_brand":[],"product_cat":[353,355,356,354],"product_tag":[],"class_list":{"0":"post-549000","1":"product","2":"type-product","3":"status-publish","4":"has-post-thumbnail","6":"product_cat-carrelage","7":"product_cat-cuisines","8":"product_cat-faiences","9":"product_cat-carrelage-salle-de-bain","11":"first","12":"instock","13":"shipping-taxable","14":"purchasable","15":"product-type-simple"},"_links":{"self":[{"href":"https:\/\/tilefly.com\/fr\/wp-json\/wp\/v2\/product\/549000","targetHints":{"allow":["GET"]}}],"collection":[{"href":"https:\/\/tilefly.com\/fr\/wp-json\/wp\/v2\/product"}],"about":[{"href":"https:\/\/tilefly.com\/fr\/wp-json\/wp\/v2\/types\/product"}],"replies":[{"embeddable":true,"href":"https:\/\/tilefly.com\/fr\/wp-json\/wp\/v2\/comments?post=549000"}],"wp:featuredmedia":[{"embeddable":true,"href":"https:\/\/tilefly.com\/fr\/wp-json\/wp\/v2\/media\/545937"}],"wp:attachment":[{"href":"https:\/\/tilefly.com\/fr\/wp-json\/wp\/v2\/media?parent=549000"}],"wp:term":[{"taxonomy":"product_brand","embeddable":true,"href":"https:\/\/tilefly.com\/fr\/wp-json\/wp\/v2\/product_brand?post=549000"},{"taxonomy":"product_cat","embeddable":true,"href":"https:\/\/tilefly.com\/fr\/wp-json\/wp\/v2\/product_cat?post=549000"},{"taxonomy":"product_tag","embeddable":true,"href":"https:\/\/tilefly.com\/fr\/wp-json\/wp\/v2\/product_tag?post=549000"}],"curies":[{"name":"wp","href":"https:\/\/api.w.org\/{rel}","templated":true}]}}