{"id":548997,"date":"2024-11-15T15:28:07","date_gmt":"2024-11-15T14:28:07","guid":{"rendered":"https:\/\/tilefly.com\/producto\/cretonne-tide-rect-60x120\/"},"modified":"2024-12-10T20:48:43","modified_gmt":"2024-12-10T19:48:43","slug":"cretonne-tide-rect-60x120","status":"publish","type":"product","link":"https:\/\/tilefly.com\/fr\/produit\/cretonne-tide-rect-60x120\/","title":{"rendered":"CRETONNE TIDE RECT 60X120"},"content":{"rendered":"<h2><strong>CRETONNE MAR\u00c9E RECT 60X120<\/strong><\/h2><\/p><p>Le <strong>CRETONNE TIDE RECT 60X120<\/strong> au ton gris et \u00e0 la finition brillante est parfait pour ceux qui recherchent un sol d\u00e9cor\u00e9 alliant \u00e9l\u00e9gance et modernit\u00e9. Son design imitation marbre apporte sophistication et style \u00e0 tout espace. <\/p><p>Appartenant \u00e0 la collection <a href=\"https:\/\/tilefly.com\/producto\/tonality\/\">Tonality<\/a>, cette pi\u00e8ce vous permet de cr\u00e9er des ambiances raffin\u00e9es et pleines de caract\u00e8re.<\/p><p>Inspirez-vous de la s\u00e9rie Tonality et transformez vos espaces avec cette pi\u00e8ce exceptionnelle.<\/p>","protected":false},"excerpt":{"rendered":"<p>CRETONNE MAR\u00c9E RECT 60X120Le CRETONNE TIDE RECT 60X120 au ton gris et \u00e0 la finition brillante est parfait pour ceux qui recherchent un sol d\u00e9cor\u00e9 alliant \u00e9l\u00e9gance et modernit\u00e9. Son design imitation marbre apporte sophistication et style \u00e0 tout espace. Appartenant \u00e0 la collection Tonality, cette pi\u00e8ce vous permet de cr\u00e9er des ambiances raffin\u00e9es et [&hellip;]<\/p>\n","protected":false},"featured_media":545911,"comment_status":"open","ping_status":"closed","template":"","meta":[],"product_brand":[],"product_cat":[353,355,356,354],"product_tag":[],"class_list":{"0":"post-548997","1":"product","2":"type-product","3":"status-publish","4":"has-post-thumbnail","6":"product_cat-carrelage","7":"product_cat-cuisines","8":"product_cat-faiences","9":"product_cat-carrelage-salle-de-bain","11":"first","12":"instock","13":"shipping-taxable","14":"purchasable","15":"product-type-simple"},"_links":{"self":[{"href":"https:\/\/tilefly.com\/fr\/wp-json\/wp\/v2\/product\/548997","targetHints":{"allow":["GET"]}}],"collection":[{"href":"https:\/\/tilefly.com\/fr\/wp-json\/wp\/v2\/product"}],"about":[{"href":"https:\/\/tilefly.com\/fr\/wp-json\/wp\/v2\/types\/product"}],"replies":[{"embeddable":true,"href":"https:\/\/tilefly.com\/fr\/wp-json\/wp\/v2\/comments?post=548997"}],"wp:featuredmedia":[{"embeddable":true,"href":"https:\/\/tilefly.com\/fr\/wp-json\/wp\/v2\/media\/545911"}],"wp:attachment":[{"href":"https:\/\/tilefly.com\/fr\/wp-json\/wp\/v2\/media?parent=548997"}],"wp:term":[{"taxonomy":"product_brand","embeddable":true,"href":"https:\/\/tilefly.com\/fr\/wp-json\/wp\/v2\/product_brand?post=548997"},{"taxonomy":"product_cat","embeddable":true,"href":"https:\/\/tilefly.com\/fr\/wp-json\/wp\/v2\/product_cat?post=548997"},{"taxonomy":"product_tag","embeddable":true,"href":"https:\/\/tilefly.com\/fr\/wp-json\/wp\/v2\/product_tag?post=548997"}],"curies":[{"name":"wp","href":"https:\/\/api.w.org\/{rel}","templated":true}]}}