{"id":548995,"date":"2024-11-15T15:27:58","date_gmt":"2024-11-15T14:27:58","guid":{"rendered":"https:\/\/tilefly.com\/producto\/tint-turquoise-pol-rect-60x120\/"},"modified":"2024-12-10T20:48:39","modified_gmt":"2024-12-10T19:48:39","slug":"tint-turquoise-pol-rect-60x120","status":"publish","type":"product","link":"https:\/\/tilefly.com\/fr\/produit\/tint-turquoise-pol-rect-60x120\/","title":{"rendered":"TINT TURQUOISE POL RECT 60X120"},"content":{"rendered":"<h2><strong>TINT TURQUOISE POL RECT 60X120<\/strong><\/h2><\/p><p><strong>TINT TURQUOISE POL RECT 60X120<\/strong> associe le ton turquoise vibrant \u00e0 une finition polie, apportant luminosit\u00e9 et fra\u00eecheur \u00e0 vos sols. Son design imitation marbre est id\u00e9al pour cr\u00e9er des espaces pleins d&#8217;\u00e9nergie et de style. <\/p><p>Faisant partie de la collection <a href=\"https:\/\/tilefly.com\/producto\/tonality\/\">Tonality<\/a>, cette pi\u00e8ce vous invite \u00e0 explorer des combinaisons cr\u00e9atives et vivantes.<\/p><p>Transformez vos environnements et laissez-vous inspirer par la vitalit\u00e9 offerte par la s\u00e9rie Tonality.<\/p>","protected":false},"excerpt":{"rendered":"<p>TINT TURQUOISE POL RECT 60X120TINT TURQUOISE POL RECT 60X120 associe le ton turquoise vibrant \u00e0 une finition polie, apportant luminosit\u00e9 et fra\u00eecheur \u00e0 vos sols. Son design imitation marbre est id\u00e9al pour cr\u00e9er des espaces pleins d&#8217;\u00e9nergie et de style. Faisant partie de la collection Tonality, cette pi\u00e8ce vous invite \u00e0 explorer des combinaisons cr\u00e9atives [&hellip;]<\/p>\n","protected":false},"featured_media":545885,"comment_status":"open","ping_status":"closed","template":"","meta":[],"product_brand":[],"product_cat":[353,355,356,354],"product_tag":[],"class_list":{"0":"post-548995","1":"product","2":"type-product","3":"status-publish","4":"has-post-thumbnail","6":"product_cat-carrelage","7":"product_cat-cuisines","8":"product_cat-faiences","9":"product_cat-carrelage-salle-de-bain","11":"first","12":"instock","13":"shipping-taxable","14":"purchasable","15":"product-type-simple"},"_links":{"self":[{"href":"https:\/\/tilefly.com\/fr\/wp-json\/wp\/v2\/product\/548995","targetHints":{"allow":["GET"]}}],"collection":[{"href":"https:\/\/tilefly.com\/fr\/wp-json\/wp\/v2\/product"}],"about":[{"href":"https:\/\/tilefly.com\/fr\/wp-json\/wp\/v2\/types\/product"}],"replies":[{"embeddable":true,"href":"https:\/\/tilefly.com\/fr\/wp-json\/wp\/v2\/comments?post=548995"}],"wp:featuredmedia":[{"embeddable":true,"href":"https:\/\/tilefly.com\/fr\/wp-json\/wp\/v2\/media\/545885"}],"wp:attachment":[{"href":"https:\/\/tilefly.com\/fr\/wp-json\/wp\/v2\/media?parent=548995"}],"wp:term":[{"taxonomy":"product_brand","embeddable":true,"href":"https:\/\/tilefly.com\/fr\/wp-json\/wp\/v2\/product_brand?post=548995"},{"taxonomy":"product_cat","embeddable":true,"href":"https:\/\/tilefly.com\/fr\/wp-json\/wp\/v2\/product_cat?post=548995"},{"taxonomy":"product_tag","embeddable":true,"href":"https:\/\/tilefly.com\/fr\/wp-json\/wp\/v2\/product_tag?post=548995"}],"curies":[{"name":"wp","href":"https:\/\/api.w.org\/{rel}","templated":true}]}}