{"id":548991,"date":"2024-11-15T15:28:03","date_gmt":"2024-11-15T14:28:03","guid":{"rendered":"https:\/\/tilefly.com\/producto\/cretonne-rouge-rect-60x120\/"},"modified":"2024-12-10T20:48:38","modified_gmt":"2024-12-10T19:48:38","slug":"cretonne-rouge-rect-60x120","status":"publish","type":"product","link":"https:\/\/tilefly.com\/fr\/produit\/cretonne-rouge-rect-60x120\/","title":{"rendered":"CRETONNE ROUGE RECT 60X120"},"content":{"rendered":"<h2><strong>CRETONNE ROUGE RECT 60X120<\/strong><\/h2><\/p><p>Ajoutez une touche d&#8217;\u00e9l\u00e9gance et de sophistication avec le <strong>CRETONNE ROUGE RECT 60X120<\/strong>. Ce gr\u00e8s c\u00e9rame au ton beige avec une finition brillante pr\u00e9sente un design d\u00e9cor\u00e9 et une imitation de marbre qui apportent de la distinction \u00e0 vos sols. <\/p><p>Faisant partie de la collection <a href=\"https:\/\/tilefly.com\/producto\/tonality\/\">Tonality<\/a>, cette pi\u00e8ce est id\u00e9ale pour cr\u00e9er des environnements uniques et pleins de personnalit\u00e9.<\/p><p>Explorez les combinaisons infinies offertes par la s\u00e9rie Tonality et transformez vos espaces avec cette pi\u00e8ce exclusive.<\/p>","protected":false},"excerpt":{"rendered":"<p>CRETONNE ROUGE RECT 60X120Ajoutez une touche d&#8217;\u00e9l\u00e9gance et de sophistication avec le CRETONNE ROUGE RECT 60X120. Ce gr\u00e8s c\u00e9rame au ton beige avec une finition brillante pr\u00e9sente un design d\u00e9cor\u00e9 et une imitation de marbre qui apportent de la distinction \u00e0 vos sols. Faisant partie de la collection Tonality, cette pi\u00e8ce est id\u00e9ale pour cr\u00e9er [&hellip;]<\/p>\n","protected":false},"featured_media":545898,"comment_status":"open","ping_status":"closed","template":"","meta":[],"product_brand":[],"product_cat":[353,355,356,354],"product_tag":[],"class_list":{"0":"post-548991","1":"product","2":"type-product","3":"status-publish","4":"has-post-thumbnail","6":"product_cat-carrelage","7":"product_cat-cuisines","8":"product_cat-faiences","9":"product_cat-carrelage-salle-de-bain","11":"first","12":"instock","13":"shipping-taxable","14":"purchasable","15":"product-type-simple"},"_links":{"self":[{"href":"https:\/\/tilefly.com\/fr\/wp-json\/wp\/v2\/product\/548991","targetHints":{"allow":["GET"]}}],"collection":[{"href":"https:\/\/tilefly.com\/fr\/wp-json\/wp\/v2\/product"}],"about":[{"href":"https:\/\/tilefly.com\/fr\/wp-json\/wp\/v2\/types\/product"}],"replies":[{"embeddable":true,"href":"https:\/\/tilefly.com\/fr\/wp-json\/wp\/v2\/comments?post=548991"}],"wp:featuredmedia":[{"embeddable":true,"href":"https:\/\/tilefly.com\/fr\/wp-json\/wp\/v2\/media\/545898"}],"wp:attachment":[{"href":"https:\/\/tilefly.com\/fr\/wp-json\/wp\/v2\/media?parent=548991"}],"wp:term":[{"taxonomy":"product_brand","embeddable":true,"href":"https:\/\/tilefly.com\/fr\/wp-json\/wp\/v2\/product_brand?post=548991"},{"taxonomy":"product_cat","embeddable":true,"href":"https:\/\/tilefly.com\/fr\/wp-json\/wp\/v2\/product_cat?post=548991"},{"taxonomy":"product_tag","embeddable":true,"href":"https:\/\/tilefly.com\/fr\/wp-json\/wp\/v2\/product_tag?post=548991"}],"curies":[{"name":"wp","href":"https:\/\/api.w.org\/{rel}","templated":true}]}}