{"id":548988,"date":"2024-11-15T15:27:48","date_gmt":"2024-11-15T14:27:48","guid":{"rendered":"https:\/\/tilefly.com\/producto\/damascus-pol-rect-60x120\/"},"modified":"2024-12-10T20:48:37","modified_gmt":"2024-12-10T19:48:37","slug":"damascus-pol-rect-60x120","status":"publish","type":"product","link":"https:\/\/tilefly.com\/fr\/produit\/damascus-pol-rect-60x120\/","title":{"rendered":"DAMASCUS POL RECT 60X120"},"content":{"rendered":"<h2><strong>DAMAS POL RECT 60X120<\/strong><\/h2><\/p><p>Le <strong>DAMASCUS POL RECT 60X120<\/strong> en tonalit\u00e9 grise et finition polie est le choix parfait pour ajouter de l&#8217;\u00e9l\u00e9gance et de la sophistication \u00e0 votre rev\u00eatement de sol. Son design imitation marbre avec des d\u00e9tails subtils ajoute une touche de distinction \u00e0 n&#8217;importe quel espace. <\/p><p>Faisant partie de la collection <a href=\"https:\/\/tilefly.com\/producto\/tonality\/\">Tonality<\/a>, cette pi\u00e8ce offre polyvalence et style pour cr\u00e9er des environnements modernes et raffin\u00e9s.<\/p><p>Laissez la s\u00e9rie Tonality inspirer vos projets et transformez vos espaces avec cette pi\u00e8ce exclusive.<\/p>","protected":false},"excerpt":{"rendered":"<p>DAMAS POL RECT 60X120Le DAMASCUS POL RECT 60X120 en tonalit\u00e9 grise et finition polie est le choix parfait pour ajouter de l&#8217;\u00e9l\u00e9gance et de la sophistication \u00e0 votre rev\u00eatement de sol. Son design imitation marbre avec des d\u00e9tails subtils ajoute une touche de distinction \u00e0 n&#8217;importe quel espace. Faisant partie de la collection Tonality, cette [&hellip;]<\/p>\n","protected":false},"featured_media":545872,"comment_status":"open","ping_status":"closed","template":"","meta":[],"product_brand":[],"product_cat":[353,355,356,354],"product_tag":[],"class_list":{"0":"post-548988","1":"product","2":"type-product","3":"status-publish","4":"has-post-thumbnail","6":"product_cat-carrelage","7":"product_cat-cuisines","8":"product_cat-faiences","9":"product_cat-carrelage-salle-de-bain","11":"first","12":"instock","13":"shipping-taxable","14":"purchasable","15":"product-type-simple"},"_links":{"self":[{"href":"https:\/\/tilefly.com\/fr\/wp-json\/wp\/v2\/product\/548988","targetHints":{"allow":["GET"]}}],"collection":[{"href":"https:\/\/tilefly.com\/fr\/wp-json\/wp\/v2\/product"}],"about":[{"href":"https:\/\/tilefly.com\/fr\/wp-json\/wp\/v2\/types\/product"}],"replies":[{"embeddable":true,"href":"https:\/\/tilefly.com\/fr\/wp-json\/wp\/v2\/comments?post=548988"}],"wp:featuredmedia":[{"embeddable":true,"href":"https:\/\/tilefly.com\/fr\/wp-json\/wp\/v2\/media\/545872"}],"wp:attachment":[{"href":"https:\/\/tilefly.com\/fr\/wp-json\/wp\/v2\/media?parent=548988"}],"wp:term":[{"taxonomy":"product_brand","embeddable":true,"href":"https:\/\/tilefly.com\/fr\/wp-json\/wp\/v2\/product_brand?post=548988"},{"taxonomy":"product_cat","embeddable":true,"href":"https:\/\/tilefly.com\/fr\/wp-json\/wp\/v2\/product_cat?post=548988"},{"taxonomy":"product_tag","embeddable":true,"href":"https:\/\/tilefly.com\/fr\/wp-json\/wp\/v2\/product_tag?post=548988"}],"curies":[{"name":"wp","href":"https:\/\/api.w.org\/{rel}","templated":true}]}}