{"id":548984,"date":"2024-11-15T15:27:41","date_gmt":"2024-11-15T14:27:41","guid":{"rendered":"https:\/\/tilefly.com\/producto\/wicker-rouge-rect-60x120\/"},"modified":"2024-12-10T20:48:33","modified_gmt":"2024-12-10T19:48:33","slug":"wicker-rouge-rect-60x120","status":"publish","type":"product","link":"https:\/\/tilefly.com\/fr\/produit\/wicker-rouge-rect-60x120\/","title":{"rendered":"WICKER ROUGE RECT 60X120"},"content":{"rendered":"<h2><strong>OSIER ROUGE RECT 60X120<\/strong><\/h2><\/p><p>Apportez chaleur et distinction \u00e0 vos sols avec le <strong>WICKER ROUGE RECT 60X120<\/strong>. Ce gr\u00e8s c\u00e9rame au ton brun et \u00e0 la finition brillante offre un design textur\u00e9 imitation marbre, id\u00e9al pour cr\u00e9er des espaces cosy pleins de personnalit\u00e9. <\/p><p>Faisant partie de la collection <a href=\"https:\/\/tilefly.com\/producto\/tonality\/\">Tonality<\/a>, cette pi\u00e8ce est parfaite pour ceux qui recherchent un style classique avec une touche contemporaine.<\/p><p>D\u00e9couvrez les possibilit\u00e9s offertes par la s\u00e9rie Tonality et transformez vos environnements avec cette pi\u00e8ce unique.<\/p>","protected":false},"excerpt":{"rendered":"<p>OSIER ROUGE RECT 60X120Apportez chaleur et distinction \u00e0 vos sols avec le WICKER ROUGE RECT 60X120. Ce gr\u00e8s c\u00e9rame au ton brun et \u00e0 la finition brillante offre un design textur\u00e9 imitation marbre, id\u00e9al pour cr\u00e9er des espaces cosy pleins de personnalit\u00e9. Faisant partie de la collection Tonality, cette pi\u00e8ce est parfaite pour ceux qui [&hellip;]<\/p>\n","protected":false},"featured_media":545859,"comment_status":"open","ping_status":"closed","template":"","meta":[],"product_brand":[],"product_cat":[353,355,356,354],"product_tag":[],"class_list":{"0":"post-548984","1":"product","2":"type-product","3":"status-publish","4":"has-post-thumbnail","6":"product_cat-carrelage","7":"product_cat-cuisines","8":"product_cat-faiences","9":"product_cat-carrelage-salle-de-bain","11":"first","12":"instock","13":"shipping-taxable","14":"purchasable","15":"product-type-simple"},"_links":{"self":[{"href":"https:\/\/tilefly.com\/fr\/wp-json\/wp\/v2\/product\/548984","targetHints":{"allow":["GET"]}}],"collection":[{"href":"https:\/\/tilefly.com\/fr\/wp-json\/wp\/v2\/product"}],"about":[{"href":"https:\/\/tilefly.com\/fr\/wp-json\/wp\/v2\/types\/product"}],"replies":[{"embeddable":true,"href":"https:\/\/tilefly.com\/fr\/wp-json\/wp\/v2\/comments?post=548984"}],"wp:featuredmedia":[{"embeddable":true,"href":"https:\/\/tilefly.com\/fr\/wp-json\/wp\/v2\/media\/545859"}],"wp:attachment":[{"href":"https:\/\/tilefly.com\/fr\/wp-json\/wp\/v2\/media?parent=548984"}],"wp:term":[{"taxonomy":"product_brand","embeddable":true,"href":"https:\/\/tilefly.com\/fr\/wp-json\/wp\/v2\/product_brand?post=548984"},{"taxonomy":"product_cat","embeddable":true,"href":"https:\/\/tilefly.com\/fr\/wp-json\/wp\/v2\/product_cat?post=548984"},{"taxonomy":"product_tag","embeddable":true,"href":"https:\/\/tilefly.com\/fr\/wp-json\/wp\/v2\/product_tag?post=548984"}],"curies":[{"name":"wp","href":"https:\/\/api.w.org\/{rel}","templated":true}]}}