{"id":548977,"date":"2024-11-15T15:27:36","date_gmt":"2024-11-15T14:27:36","guid":{"rendered":"https:\/\/tilefly.com\/producto\/wicker-lead-rect-60x120\/"},"modified":"2024-12-10T20:48:29","modified_gmt":"2024-12-10T19:48:29","slug":"wicker-lead-rect-60x120","status":"publish","type":"product","link":"https:\/\/tilefly.com\/fr\/produit\/wicker-lead-rect-60x120\/","title":{"rendered":"WICKER LEAD RECT 60X120"},"content":{"rendered":"<h2><strong>WICKER LEAD RECT 60X120<\/strong><\/h2><\/p><p>La dalle <strong>WICKER LEAD RECT 60X120<\/strong> au ton bleu et \u00e0 la finition brillante allie la s\u00e9r\u00e9nit\u00e9 de la couleur \u00e0 l&#8217;\u00e9l\u00e9gance du marbre. Son design textur\u00e9 ajoute une touche contemporaine \u00e0 votre sol, id\u00e9al pour les espaces modernes et sophistiqu\u00e9s. <\/p><p>Faisant partie de la collection <a href=\"https:\/\/tilefly.com\/producto\/tonality\/\">Tonality<\/a>, cette pi\u00e8ce vous permet de cr\u00e9er des environnements uniques et \u00e9l\u00e9gants.<\/p><p>Profitez de la cr\u00e9ativit\u00e9 offerte par la s\u00e9rie Tonality et donnez vie \u00e0 vos espaces avec cette pi\u00e8ce exceptionnelle.<\/p>","protected":false},"excerpt":{"rendered":"<p>WICKER LEAD RECT 60X120La dalle WICKER LEAD RECT 60X120 au ton bleu et \u00e0 la finition brillante allie la s\u00e9r\u00e9nit\u00e9 de la couleur \u00e0 l&#8217;\u00e9l\u00e9gance du marbre. Son design textur\u00e9 ajoute une touche contemporaine \u00e0 votre sol, id\u00e9al pour les espaces modernes et sophistiqu\u00e9s. Faisant partie de la collection Tonality, cette pi\u00e8ce vous permet de [&hellip;]<\/p>\n","protected":false},"featured_media":545846,"comment_status":"open","ping_status":"closed","template":"","meta":[],"product_brand":[],"product_cat":[353,355,356,354],"product_tag":[],"class_list":{"0":"post-548977","1":"product","2":"type-product","3":"status-publish","4":"has-post-thumbnail","6":"product_cat-carrelage","7":"product_cat-cuisines","8":"product_cat-faiences","9":"product_cat-carrelage-salle-de-bain","11":"first","12":"outofstock","13":"shipping-taxable","14":"purchasable","15":"product-type-simple"},"_links":{"self":[{"href":"https:\/\/tilefly.com\/fr\/wp-json\/wp\/v2\/product\/548977","targetHints":{"allow":["GET"]}}],"collection":[{"href":"https:\/\/tilefly.com\/fr\/wp-json\/wp\/v2\/product"}],"about":[{"href":"https:\/\/tilefly.com\/fr\/wp-json\/wp\/v2\/types\/product"}],"replies":[{"embeddable":true,"href":"https:\/\/tilefly.com\/fr\/wp-json\/wp\/v2\/comments?post=548977"}],"wp:featuredmedia":[{"embeddable":true,"href":"https:\/\/tilefly.com\/fr\/wp-json\/wp\/v2\/media\/545846"}],"wp:attachment":[{"href":"https:\/\/tilefly.com\/fr\/wp-json\/wp\/v2\/media?parent=548977"}],"wp:term":[{"taxonomy":"product_brand","embeddable":true,"href":"https:\/\/tilefly.com\/fr\/wp-json\/wp\/v2\/product_brand?post=548977"},{"taxonomy":"product_cat","embeddable":true,"href":"https:\/\/tilefly.com\/fr\/wp-json\/wp\/v2\/product_cat?post=548977"},{"taxonomy":"product_tag","embeddable":true,"href":"https:\/\/tilefly.com\/fr\/wp-json\/wp\/v2\/product_tag?post=548977"}],"curies":[{"name":"wp","href":"https:\/\/api.w.org\/{rel}","templated":true}]}}