{"id":548969,"date":"2024-11-15T15:27:26","date_gmt":"2024-11-15T14:27:26","guid":{"rendered":"https:\/\/tilefly.com\/producto\/wicker-fortune-rect-60x120\/"},"modified":"2024-12-10T20:48:24","modified_gmt":"2024-12-10T19:48:24","slug":"wicker-fortune-rect-60x120","status":"publish","type":"product","link":"https:\/\/tilefly.com\/fr\/produit\/wicker-fortune-rect-60x120\/","title":{"rendered":"WICKER FORTUNE RECT 60X120"},"content":{"rendered":"<h2><strong>OSIER FORTUNE RECT 60X120<\/strong><\/h2><\/p><p><strong>WICKER FORTUNE RECT 60X120<\/strong> se distingue par son ton jaune vibrant et sa finition brillante, apportant \u00e9nergie et luminosit\u00e9 \u00e0 vos sols. Son design imitation marbre avec des textures subtiles ajoute de la profondeur et du style \u00e0 n&#8217;importe quelle pi\u00e8ce. <\/p><p>Appartenant \u00e0 la collection <a href=\"https:\/\/tilefly.com\/producto\/tonality\/\">Tonality<\/a>, cette pi\u00e8ce est parfaite pour ceux qui cherchent \u00e0 donner de la vie et de la couleur \u00e0 leur espace.<\/p><p>Transformez vos environnements et laissez-vous inspirer par la cr\u00e9ativit\u00e9 offerte par la s\u00e9rie Tonality.<\/p>","protected":false},"excerpt":{"rendered":"<p>OSIER FORTUNE RECT 60X120WICKER FORTUNE RECT 60X120 se distingue par son ton jaune vibrant et sa finition brillante, apportant \u00e9nergie et luminosit\u00e9 \u00e0 vos sols. Son design imitation marbre avec des textures subtiles ajoute de la profondeur et du style \u00e0 n&#8217;importe quelle pi\u00e8ce. Appartenant \u00e0 la collection Tonality, cette pi\u00e8ce est parfaite pour ceux [&hellip;]<\/p>\n","protected":false},"featured_media":545807,"comment_status":"open","ping_status":"closed","template":"","meta":[],"product_brand":[],"product_cat":[353,355,356,354],"product_tag":[],"class_list":{"0":"post-548969","1":"product","2":"type-product","3":"status-publish","4":"has-post-thumbnail","6":"product_cat-carrelage","7":"product_cat-cuisines","8":"product_cat-faiences","9":"product_cat-carrelage-salle-de-bain","11":"first","12":"outofstock","13":"shipping-taxable","14":"purchasable","15":"product-type-simple"},"_links":{"self":[{"href":"https:\/\/tilefly.com\/fr\/wp-json\/wp\/v2\/product\/548969","targetHints":{"allow":["GET"]}}],"collection":[{"href":"https:\/\/tilefly.com\/fr\/wp-json\/wp\/v2\/product"}],"about":[{"href":"https:\/\/tilefly.com\/fr\/wp-json\/wp\/v2\/types\/product"}],"replies":[{"embeddable":true,"href":"https:\/\/tilefly.com\/fr\/wp-json\/wp\/v2\/comments?post=548969"}],"wp:featuredmedia":[{"embeddable":true,"href":"https:\/\/tilefly.com\/fr\/wp-json\/wp\/v2\/media\/545807"}],"wp:attachment":[{"href":"https:\/\/tilefly.com\/fr\/wp-json\/wp\/v2\/media?parent=548969"}],"wp:term":[{"taxonomy":"product_brand","embeddable":true,"href":"https:\/\/tilefly.com\/fr\/wp-json\/wp\/v2\/product_brand?post=548969"},{"taxonomy":"product_cat","embeddable":true,"href":"https:\/\/tilefly.com\/fr\/wp-json\/wp\/v2\/product_cat?post=548969"},{"taxonomy":"product_tag","embeddable":true,"href":"https:\/\/tilefly.com\/fr\/wp-json\/wp\/v2\/product_tag?post=548969"}],"curies":[{"name":"wp","href":"https:\/\/api.w.org\/{rel}","templated":true}]}}