{"id":548966,"date":"2024-11-15T15:27:10","date_gmt":"2024-11-15T14:27:10","guid":{"rendered":"https:\/\/tilefly.com\/producto\/rouge-pol-rect-60x120\/"},"modified":"2024-12-10T20:48:23","modified_gmt":"2024-12-10T19:48:23","slug":"rouge-pol-rect-60x120","status":"publish","type":"product","link":"https:\/\/tilefly.com\/fr\/produit\/rouge-pol-rect-60x120\/","title":{"rendered":"ROUGE POL RECT 60X120"},"content":{"rendered":"<h2><strong>ROUGE POL RECT 60X120<\/strong><\/h2><\/p><p><strong>ROUGE POL RECT 60X120<\/strong> apporte chaleur et distinction \u00e0 vos sols gr\u00e2ce \u00e0 son ton brun riche et \u00e0 sa finition polie. Ce gr\u00e8s c\u00e9rame \u00e0 l&#8217;aspect marbr\u00e9 est id\u00e9al pour cr\u00e9er des ambiances cosy et sophistiqu\u00e9es. <\/p><p>Faisant partie de la collection <a href=\"https:\/\/tilefly.com\/producto\/tonality\/\">Tonality<\/a>, cette pi\u00e8ce vous permet d&#8217;explorer un large \u00e9ventail de combinaisons et de styles, du classique au contemporain.<\/p><p>Inspirez-vous de la s\u00e9rie Tonality et transformez vos espaces avec cette pi\u00e8ce pleine d&#8217;\u00e9l\u00e9gance et de personnalit\u00e9.<\/p>","protected":false},"excerpt":{"rendered":"<p>ROUGE POL RECT 60X120ROUGE POL RECT 60X120 apporte chaleur et distinction \u00e0 vos sols gr\u00e2ce \u00e0 son ton brun riche et \u00e0 sa finition polie. Ce gr\u00e8s c\u00e9rame \u00e0 l&#8217;aspect marbr\u00e9 est id\u00e9al pour cr\u00e9er des ambiances cosy et sophistiqu\u00e9es. Faisant partie de la collection Tonality, cette pi\u00e8ce vous permet d&#8217;explorer un large \u00e9ventail de [&hellip;]<\/p>\n","protected":false},"featured_media":545781,"comment_status":"open","ping_status":"closed","template":"","meta":[],"product_brand":[],"product_cat":[353,355,356,354],"product_tag":[],"class_list":{"0":"post-548966","1":"product","2":"type-product","3":"status-publish","4":"has-post-thumbnail","6":"product_cat-carrelage","7":"product_cat-cuisines","8":"product_cat-faiences","9":"product_cat-carrelage-salle-de-bain","11":"first","12":"instock","13":"shipping-taxable","14":"purchasable","15":"product-type-simple"},"_links":{"self":[{"href":"https:\/\/tilefly.com\/fr\/wp-json\/wp\/v2\/product\/548966","targetHints":{"allow":["GET"]}}],"collection":[{"href":"https:\/\/tilefly.com\/fr\/wp-json\/wp\/v2\/product"}],"about":[{"href":"https:\/\/tilefly.com\/fr\/wp-json\/wp\/v2\/types\/product"}],"replies":[{"embeddable":true,"href":"https:\/\/tilefly.com\/fr\/wp-json\/wp\/v2\/comments?post=548966"}],"wp:featuredmedia":[{"embeddable":true,"href":"https:\/\/tilefly.com\/fr\/wp-json\/wp\/v2\/media\/545781"}],"wp:attachment":[{"href":"https:\/\/tilefly.com\/fr\/wp-json\/wp\/v2\/media?parent=548966"}],"wp:term":[{"taxonomy":"product_brand","embeddable":true,"href":"https:\/\/tilefly.com\/fr\/wp-json\/wp\/v2\/product_brand?post=548966"},{"taxonomy":"product_cat","embeddable":true,"href":"https:\/\/tilefly.com\/fr\/wp-json\/wp\/v2\/product_cat?post=548966"},{"taxonomy":"product_tag","embeddable":true,"href":"https:\/\/tilefly.com\/fr\/wp-json\/wp\/v2\/product_tag?post=548966"}],"curies":[{"name":"wp","href":"https:\/\/api.w.org\/{rel}","templated":true}]}}