{"id":548964,"date":"2024-11-15T15:26:58","date_gmt":"2024-11-15T14:26:58","guid":{"rendered":"https:\/\/tilefly.com\/producto\/tide-pol-rect-60x120\/"},"modified":"2024-12-10T20:48:20","modified_gmt":"2024-12-10T19:48:20","slug":"tide-pol-rect-60x120","status":"publish","type":"product","link":"https:\/\/tilefly.com\/fr\/produit\/tide-pol-rect-60x120\/","title":{"rendered":"TIDE POL RECT 60X120"},"content":{"rendered":"<h2><strong>MAR\u00c9E POL RECT 60X120<\/strong><\/h2><\/p><p><strong>TIDE POL RECT 60X120<\/strong> associe la couleur turquoise profonde \u00e0 une finition polie, donnant \u00e0 vos sols une touche d&#8217;\u00e9l\u00e9gance et de fra\u00eecheur. Ce gr\u00e8s c\u00e9rame \u00e0 l&#8217;aspect marbr\u00e9 est id\u00e9al pour cr\u00e9er des espaces pleins de lumi\u00e8re et de sophistication. <\/p><p>Faisant partie de la collection <a href=\"https:\/\/tilefly.com\/producto\/tonality\/\">Tonality<\/a>, cette pi\u00e8ce vous permet d&#8217;explorer des combinaisons cr\u00e9atives et vivantes, apportant de la personnalit\u00e9 \u00e0 n&#8217;importe quelle pi\u00e8ce.<\/p><p>D\u00e9couvrez comment la s\u00e9rie Tonality peut transformer vos espaces en environnements uniques et \u00e9l\u00e9gants.<\/p>","protected":false},"excerpt":{"rendered":"<p>MAR\u00c9E POL RECT 60X120TIDE POL RECT 60X120 associe la couleur turquoise profonde \u00e0 une finition polie, donnant \u00e0 vos sols une touche d&#8217;\u00e9l\u00e9gance et de fra\u00eecheur. Ce gr\u00e8s c\u00e9rame \u00e0 l&#8217;aspect marbr\u00e9 est id\u00e9al pour cr\u00e9er des espaces pleins de lumi\u00e8re et de sophistication. Faisant partie de la collection Tonality, cette pi\u00e8ce vous permet d&#8217;explorer [&hellip;]<\/p>\n","protected":false},"featured_media":545755,"comment_status":"open","ping_status":"closed","template":"","meta":[],"product_brand":[],"product_cat":[353,355,356,354],"product_tag":[],"class_list":{"0":"post-548964","1":"product","2":"type-product","3":"status-publish","4":"has-post-thumbnail","6":"product_cat-carrelage","7":"product_cat-cuisines","8":"product_cat-faiences","9":"product_cat-carrelage-salle-de-bain","11":"first","12":"instock","13":"shipping-taxable","14":"purchasable","15":"product-type-simple"},"_links":{"self":[{"href":"https:\/\/tilefly.com\/fr\/wp-json\/wp\/v2\/product\/548964","targetHints":{"allow":["GET"]}}],"collection":[{"href":"https:\/\/tilefly.com\/fr\/wp-json\/wp\/v2\/product"}],"about":[{"href":"https:\/\/tilefly.com\/fr\/wp-json\/wp\/v2\/types\/product"}],"replies":[{"embeddable":true,"href":"https:\/\/tilefly.com\/fr\/wp-json\/wp\/v2\/comments?post=548964"}],"wp:featuredmedia":[{"embeddable":true,"href":"https:\/\/tilefly.com\/fr\/wp-json\/wp\/v2\/media\/545755"}],"wp:attachment":[{"href":"https:\/\/tilefly.com\/fr\/wp-json\/wp\/v2\/media?parent=548964"}],"wp:term":[{"taxonomy":"product_brand","embeddable":true,"href":"https:\/\/tilefly.com\/fr\/wp-json\/wp\/v2\/product_brand?post=548964"},{"taxonomy":"product_cat","embeddable":true,"href":"https:\/\/tilefly.com\/fr\/wp-json\/wp\/v2\/product_cat?post=548964"},{"taxonomy":"product_tag","embeddable":true,"href":"https:\/\/tilefly.com\/fr\/wp-json\/wp\/v2\/product_tag?post=548964"}],"curies":[{"name":"wp","href":"https:\/\/api.w.org\/{rel}","templated":true}]}}