{"id":548958,"date":"2024-11-15T15:26:53","date_gmt":"2024-11-15T14:26:53","guid":{"rendered":"https:\/\/tilefly.com\/producto\/turquoise-pol-rect-60x120\/"},"modified":"2024-12-10T20:48:17","modified_gmt":"2024-12-10T19:48:17","slug":"turquoise-pol-rect-60x120","status":"publish","type":"product","link":"https:\/\/tilefly.com\/fr\/produit\/turquoise-pol-rect-60x120\/","title":{"rendered":"TURQUOISE POL RECT 60X120"},"content":{"rendered":"<h2><strong>TURQUOISE POL RECT 60X120<\/strong><\/h2><\/p><p>Apportez une touche de fra\u00eecheur et de luminosit\u00e9 avec <strong>TURQUOISE POL RECT 60X120<\/strong>. Ce vibrant gr\u00e8s c\u00e9rame turquoise \u00e0 la finition polie est parfait pour les sols qui cherchent \u00e0 combiner l&#8217;\u00e9l\u00e9gance du marbre avec une explosion de couleurs. <\/p><p>Appartenant \u00e0 la collection <a href=\"https:\/\/tilefly.com\/producto\/tonality\/\">Tonality<\/a>, cette pi\u00e8ce offre des possibilit\u00e9s de conception infinies, vous permettant de cr\u00e9er des espaces pleins d&#8217;\u00e9nergie et de style.<\/p><p>Transformez vos environnements et laissez-vous inspirer par la vitalit\u00e9 qu&#8217;offre la s\u00e9rie Tonality.<\/p>","protected":false},"excerpt":{"rendered":"<p>TURQUOISE POL RECT 60X120Apportez une touche de fra\u00eecheur et de luminosit\u00e9 avec TURQUOISE POL RECT 60X120. Ce vibrant gr\u00e8s c\u00e9rame turquoise \u00e0 la finition polie est parfait pour les sols qui cherchent \u00e0 combiner l&#8217;\u00e9l\u00e9gance du marbre avec une explosion de couleurs. Appartenant \u00e0 la collection Tonality, cette pi\u00e8ce offre des possibilit\u00e9s de conception infinies, [&hellip;]<\/p>\n","protected":false},"featured_media":545742,"comment_status":"open","ping_status":"closed","template":"","meta":[],"product_brand":[],"product_cat":[353,355,356,354],"product_tag":[],"class_list":{"0":"post-548958","1":"product","2":"type-product","3":"status-publish","4":"has-post-thumbnail","6":"product_cat-carrelage","7":"product_cat-cuisines","8":"product_cat-faiences","9":"product_cat-carrelage-salle-de-bain","11":"first","12":"instock","13":"shipping-taxable","14":"purchasable","15":"product-type-simple"},"_links":{"self":[{"href":"https:\/\/tilefly.com\/fr\/wp-json\/wp\/v2\/product\/548958","targetHints":{"allow":["GET"]}}],"collection":[{"href":"https:\/\/tilefly.com\/fr\/wp-json\/wp\/v2\/product"}],"about":[{"href":"https:\/\/tilefly.com\/fr\/wp-json\/wp\/v2\/types\/product"}],"replies":[{"embeddable":true,"href":"https:\/\/tilefly.com\/fr\/wp-json\/wp\/v2\/comments?post=548958"}],"wp:featuredmedia":[{"embeddable":true,"href":"https:\/\/tilefly.com\/fr\/wp-json\/wp\/v2\/media\/545742"}],"wp:attachment":[{"href":"https:\/\/tilefly.com\/fr\/wp-json\/wp\/v2\/media?parent=548958"}],"wp:term":[{"taxonomy":"product_brand","embeddable":true,"href":"https:\/\/tilefly.com\/fr\/wp-json\/wp\/v2\/product_brand?post=548958"},{"taxonomy":"product_cat","embeddable":true,"href":"https:\/\/tilefly.com\/fr\/wp-json\/wp\/v2\/product_cat?post=548958"},{"taxonomy":"product_tag","embeddable":true,"href":"https:\/\/tilefly.com\/fr\/wp-json\/wp\/v2\/product_tag?post=548958"}],"curies":[{"name":"wp","href":"https:\/\/api.w.org\/{rel}","templated":true}]}}