{"id":548065,"date":"2024-11-15T15:46:39","date_gmt":"2024-11-15T14:46:39","guid":{"rendered":"https:\/\/tilefly.com\/producto\/anti-slip-yoho-cashew-rect-22x120\/"},"modified":"2024-11-29T23:39:36","modified_gmt":"2024-11-29T22:39:36","slug":"anti-slip-yoho-cashew-rect-22x120","status":"publish","type":"product","link":"https:\/\/tilefly.com\/fr\/produit\/anti-slip-yoho-cashew-rect-22x120\/","title":{"rendered":"ANTI-SLIP YOHO CASHEW RECT 22X120"},"content":{"rendered":"<h2><strong>YOHO CAJOU ANTI-D\u00c9RAPANT RECT 22X120<\/strong><\/h2><\/p><p>L&#8217;<strong>ANTI-SLIP YOHO CASHEW RECT 22X120<\/strong> allie la chaleur du ton brun \u00e0 la s\u00e9curit\u00e9 de son design antid\u00e9rapant. Ce gr\u00e8s c\u00e9rame \u00e0 la finition mate et au design imitation bois est parfait pour les ext\u00e9rieurs \u00e0 la recherche d&#8217;un style naturel et fonctionnel. <\/p><p>Faisant partie de la collection <a href=\"https:\/\/tilefly.com\/producto\/yoho\/\">Yoho<\/a>, cette pi\u00e8ce capture l&#8217;essence du ch\u00eane et des paysages canadiens dans un format solide et durable.<\/p><p>Transformez vos espaces ext\u00e9rieurs avec la beaut\u00e9 et la fonctionnalit\u00e9 de la s\u00e9rie Yoho.<\/p>","protected":false},"excerpt":{"rendered":"<p>YOHO CAJOU ANTI-D\u00c9RAPANT RECT 22X120L&#8217;ANTI-SLIP YOHO CASHEW RECT 22X120 allie la chaleur du ton brun \u00e0 la s\u00e9curit\u00e9 de son design antid\u00e9rapant. Ce gr\u00e8s c\u00e9rame \u00e0 la finition mate et au design imitation bois est parfait pour les ext\u00e9rieurs \u00e0 la recherche d&#8217;un style naturel et fonctionnel. Faisant partie de la collection Yoho, cette pi\u00e8ce [&hellip;]<\/p>\n","protected":false},"featured_media":546322,"comment_status":"open","ping_status":"closed","template":"","meta":[],"product_brand":[],"product_cat":[353,355,356,354],"product_tag":[],"class_list":{"0":"post-548065","1":"product","2":"type-product","3":"status-publish","4":"has-post-thumbnail","6":"product_cat-carrelage","7":"product_cat-cuisines","8":"product_cat-faiences","9":"product_cat-carrelage-salle-de-bain","11":"first","12":"instock","13":"shipping-taxable","14":"purchasable","15":"product-type-simple"},"_links":{"self":[{"href":"https:\/\/tilefly.com\/fr\/wp-json\/wp\/v2\/product\/548065","targetHints":{"allow":["GET"]}}],"collection":[{"href":"https:\/\/tilefly.com\/fr\/wp-json\/wp\/v2\/product"}],"about":[{"href":"https:\/\/tilefly.com\/fr\/wp-json\/wp\/v2\/types\/product"}],"replies":[{"embeddable":true,"href":"https:\/\/tilefly.com\/fr\/wp-json\/wp\/v2\/comments?post=548065"}],"wp:featuredmedia":[{"embeddable":true,"href":"https:\/\/tilefly.com\/fr\/wp-json\/wp\/v2\/media\/546322"}],"wp:attachment":[{"href":"https:\/\/tilefly.com\/fr\/wp-json\/wp\/v2\/media?parent=548065"}],"wp:term":[{"taxonomy":"product_brand","embeddable":true,"href":"https:\/\/tilefly.com\/fr\/wp-json\/wp\/v2\/product_brand?post=548065"},{"taxonomy":"product_cat","embeddable":true,"href":"https:\/\/tilefly.com\/fr\/wp-json\/wp\/v2\/product_cat?post=548065"},{"taxonomy":"product_tag","embeddable":true,"href":"https:\/\/tilefly.com\/fr\/wp-json\/wp\/v2\/product_tag?post=548065"}],"curies":[{"name":"wp","href":"https:\/\/api.w.org\/{rel}","templated":true}]}}