{"id":548060,"date":"2024-11-15T15:46:34","date_gmt":"2024-11-15T14:46:34","guid":{"rendered":"https:\/\/tilefly.com\/producto\/yoho-nut-rect-22x120\/"},"modified":"2024-11-29T23:39:26","modified_gmt":"2024-11-29T22:39:26","slug":"yoho-nut-rect-22x120","status":"publish","type":"product","link":"https:\/\/tilefly.com\/fr\/produit\/yoho-nut-rect-22x120\/","title":{"rendered":"YOHO NUT RECT 22X120"},"content":{"rendered":"<h2><strong>YOHO NUT RECT 22X120<\/strong><\/h2><\/p><p><strong>YOHO NUT RECT 22X120<\/strong> offre un ton brun riche et une texture mate qui imite la beaut\u00e9 du ch\u00eane dans son \u00e9tat le plus pur. Ce gr\u00e8s c\u00e9rame est parfait pour les sols qui cherchent \u00e0 transmettre chaleur et r\u00e9sistance. <\/p><p>Faisant partie de la collection <a href=\"https:\/\/tilefly.com\/producto\/yoho\/\">Yoho<\/a>, cette pi\u00e8ce est inspir\u00e9e par les magnifiques paysages du parc national Yoho, ce qui en fait un choix polyvalent et naturel.<\/p><p>Explorez les possibilit\u00e9s de la s\u00e9rie Yoho et transformez vos espaces avec cette pi\u00e8ce unique.<\/p>","protected":false},"excerpt":{"rendered":"<p>YOHO NUT RECT 22X120YOHO NUT RECT 22X120 offre un ton brun riche et une texture mate qui imite la beaut\u00e9 du ch\u00eane dans son \u00e9tat le plus pur. Ce gr\u00e8s c\u00e9rame est parfait pour les sols qui cherchent \u00e0 transmettre chaleur et r\u00e9sistance. Faisant partie de la collection Yoho, cette pi\u00e8ce est inspir\u00e9e par les [&hellip;]<\/p>\n","protected":false},"featured_media":546309,"comment_status":"open","ping_status":"closed","template":"","meta":[],"product_brand":[],"product_cat":[353,355,356,354],"product_tag":[],"class_list":{"0":"post-548060","1":"product","2":"type-product","3":"status-publish","4":"has-post-thumbnail","6":"product_cat-carrelage","7":"product_cat-cuisines","8":"product_cat-faiences","9":"product_cat-carrelage-salle-de-bain","11":"first","12":"outofstock","13":"shipping-taxable","14":"purchasable","15":"product-type-simple"},"_links":{"self":[{"href":"https:\/\/tilefly.com\/fr\/wp-json\/wp\/v2\/product\/548060","targetHints":{"allow":["GET"]}}],"collection":[{"href":"https:\/\/tilefly.com\/fr\/wp-json\/wp\/v2\/product"}],"about":[{"href":"https:\/\/tilefly.com\/fr\/wp-json\/wp\/v2\/types\/product"}],"replies":[{"embeddable":true,"href":"https:\/\/tilefly.com\/fr\/wp-json\/wp\/v2\/comments?post=548060"}],"wp:featuredmedia":[{"embeddable":true,"href":"https:\/\/tilefly.com\/fr\/wp-json\/wp\/v2\/media\/546309"}],"wp:attachment":[{"href":"https:\/\/tilefly.com\/fr\/wp-json\/wp\/v2\/media?parent=548060"}],"wp:term":[{"taxonomy":"product_brand","embeddable":true,"href":"https:\/\/tilefly.com\/fr\/wp-json\/wp\/v2\/product_brand?post=548060"},{"taxonomy":"product_cat","embeddable":true,"href":"https:\/\/tilefly.com\/fr\/wp-json\/wp\/v2\/product_cat?post=548060"},{"taxonomy":"product_tag","embeddable":true,"href":"https:\/\/tilefly.com\/fr\/wp-json\/wp\/v2\/product_tag?post=548060"}],"curies":[{"name":"wp","href":"https:\/\/api.w.org\/{rel}","templated":true}]}}