{"id":548055,"date":"2024-11-15T15:46:27","date_gmt":"2024-11-15T14:46:27","guid":{"rendered":"https:\/\/tilefly.com\/producto\/yoho-sesame-rect-22x120\/"},"modified":"2024-11-29T23:39:22","modified_gmt":"2024-11-29T22:39:22","slug":"yoho-sesame-rect-22x120","status":"publish","type":"product","link":"https:\/\/tilefly.com\/fr\/produit\/yoho-sesame-rect-22x120\/","title":{"rendered":"YOHO SESAME RECT 22X120"},"content":{"rendered":"<h2><strong>YOHO S\u00c9SAME RECT 22X120<\/strong><\/h2><\/p><p><strong>YOHO SESAME RECT 22X120<\/strong> se distingue par son ton brun chaud, \u00e9voquant la r\u00e9sistance et la beaut\u00e9 naturelle du ch\u00eane. Sa finition mate et son design imitation bois apportent une touche cosy et sophistiqu\u00e9e \u00e0 vos sols. <\/p><p>Faisant partie de la collection <a href=\"https:\/\/tilefly.com\/producto\/yoho\/\">Yoho<\/a>, cette pi\u00e8ce est id\u00e9ale pour les projets qui cherchent \u00e0 combiner style et durabilit\u00e9.<\/p><p>Laissez-vous inspirer par la s\u00e9rie Yoho et ajoutez une touche naturelle et \u00e9l\u00e9gante \u00e0 vos espaces.<\/p>","protected":false},"excerpt":{"rendered":"<p>YOHO S\u00c9SAME RECT 22X120YOHO SESAME RECT 22X120 se distingue par son ton brun chaud, \u00e9voquant la r\u00e9sistance et la beaut\u00e9 naturelle du ch\u00eane. Sa finition mate et son design imitation bois apportent une touche cosy et sophistiqu\u00e9e \u00e0 vos sols. Faisant partie de la collection Yoho, cette pi\u00e8ce est id\u00e9ale pour les projets qui cherchent [&hellip;]<\/p>\n","protected":false},"featured_media":546296,"comment_status":"open","ping_status":"closed","template":"","meta":[],"product_brand":[],"product_cat":[353,355,356,354],"product_tag":[],"class_list":{"0":"post-548055","1":"product","2":"type-product","3":"status-publish","4":"has-post-thumbnail","6":"product_cat-carrelage","7":"product_cat-cuisines","8":"product_cat-faiences","9":"product_cat-carrelage-salle-de-bain","11":"first","12":"instock","13":"shipping-taxable","14":"purchasable","15":"product-type-simple"},"_links":{"self":[{"href":"https:\/\/tilefly.com\/fr\/wp-json\/wp\/v2\/product\/548055","targetHints":{"allow":["GET"]}}],"collection":[{"href":"https:\/\/tilefly.com\/fr\/wp-json\/wp\/v2\/product"}],"about":[{"href":"https:\/\/tilefly.com\/fr\/wp-json\/wp\/v2\/types\/product"}],"replies":[{"embeddable":true,"href":"https:\/\/tilefly.com\/fr\/wp-json\/wp\/v2\/comments?post=548055"}],"wp:featuredmedia":[{"embeddable":true,"href":"https:\/\/tilefly.com\/fr\/wp-json\/wp\/v2\/media\/546296"}],"wp:attachment":[{"href":"https:\/\/tilefly.com\/fr\/wp-json\/wp\/v2\/media?parent=548055"}],"wp:term":[{"taxonomy":"product_brand","embeddable":true,"href":"https:\/\/tilefly.com\/fr\/wp-json\/wp\/v2\/product_brand?post=548055"},{"taxonomy":"product_cat","embeddable":true,"href":"https:\/\/tilefly.com\/fr\/wp-json\/wp\/v2\/product_cat?post=548055"},{"taxonomy":"product_tag","embeddable":true,"href":"https:\/\/tilefly.com\/fr\/wp-json\/wp\/v2\/product_tag?post=548055"}],"curies":[{"name":"wp","href":"https:\/\/api.w.org\/{rel}","templated":true}]}}