{"id":548053,"date":"2024-11-15T15:46:16","date_gmt":"2024-11-15T14:46:16","guid":{"rendered":"https:\/\/tilefly.com\/producto\/hexawork-mix-175x202\/"},"modified":"2024-11-29T23:39:20","modified_gmt":"2024-11-29T22:39:20","slug":"hexawork-mix-175x202","status":"publish","type":"product","link":"https:\/\/tilefly.com\/fr\/produit\/hexawork-mix-175x202\/","title":{"rendered":"HEXAWORK MIX 17,5X20,2"},"content":{"rendered":"<h2><strong>HEXAWORK MIX 17,5X20,2<\/strong><\/h2><\/p><p><strong>HEXAWORK MIX 17,5X20,2<\/strong> combine des tons vari\u00e9s dans un format hexagonal, offrant un design dynamique et contemporain. Sa finition mate et son imitation ciment en font un choix parfait pour un sol cr\u00e9atif et plein de personnalit\u00e9. <\/p><p>Appartenant \u00e0 la collection <a href=\"https:\/\/tilefly.com\/producto\/work\/\">Work<\/a>, cette pi\u00e8ce est id\u00e9ale pour les projets qui cherchent \u00e0 se d\u00e9marquer par leur originalit\u00e9 et leur polyvalence.<\/p><p>Inspirez-vous de la s\u00e9rie Work et cr\u00e9ez des environnements uniques et pleins de caract\u00e8re.<\/p>","protected":false},"excerpt":{"rendered":"<p>HEXAWORK MIX 17,5X20,2HEXAWORK MIX 17,5X20,2 combine des tons vari\u00e9s dans un format hexagonal, offrant un design dynamique et contemporain. Sa finition mate et son imitation ciment en font un choix parfait pour un sol cr\u00e9atif et plein de personnalit\u00e9. Appartenant \u00e0 la collection Work, cette pi\u00e8ce est id\u00e9ale pour les projets qui cherchent \u00e0 se [&hellip;]<\/p>\n","protected":false},"featured_media":546270,"comment_status":"open","ping_status":"closed","template":"","meta":[],"product_brand":[],"product_cat":[353,355,356,354],"product_tag":[],"class_list":{"0":"post-548053","1":"product","2":"type-product","3":"status-publish","4":"has-post-thumbnail","6":"product_cat-carrelage","7":"product_cat-cuisines","8":"product_cat-faiences","9":"product_cat-carrelage-salle-de-bain","11":"first","12":"outofstock","13":"shipping-taxable","14":"purchasable","15":"product-type-simple"},"_links":{"self":[{"href":"https:\/\/tilefly.com\/fr\/wp-json\/wp\/v2\/product\/548053","targetHints":{"allow":["GET"]}}],"collection":[{"href":"https:\/\/tilefly.com\/fr\/wp-json\/wp\/v2\/product"}],"about":[{"href":"https:\/\/tilefly.com\/fr\/wp-json\/wp\/v2\/types\/product"}],"replies":[{"embeddable":true,"href":"https:\/\/tilefly.com\/fr\/wp-json\/wp\/v2\/comments?post=548053"}],"wp:featuredmedia":[{"embeddable":true,"href":"https:\/\/tilefly.com\/fr\/wp-json\/wp\/v2\/media\/546270"}],"wp:attachment":[{"href":"https:\/\/tilefly.com\/fr\/wp-json\/wp\/v2\/media?parent=548053"}],"wp:term":[{"taxonomy":"product_brand","embeddable":true,"href":"https:\/\/tilefly.com\/fr\/wp-json\/wp\/v2\/product_brand?post=548053"},{"taxonomy":"product_cat","embeddable":true,"href":"https:\/\/tilefly.com\/fr\/wp-json\/wp\/v2\/product_cat?post=548053"},{"taxonomy":"product_tag","embeddable":true,"href":"https:\/\/tilefly.com\/fr\/wp-json\/wp\/v2\/product_tag?post=548053"}],"curies":[{"name":"wp","href":"https:\/\/api.w.org\/{rel}","templated":true}]}}