{"id":548047,"date":"2024-11-15T15:46:11","date_gmt":"2024-11-15T14:46:11","guid":{"rendered":"https:\/\/tilefly.com\/producto\/hexawork-w-natural-175x202\/"},"modified":"2024-11-29T23:39:11","modified_gmt":"2024-11-29T22:39:11","slug":"hexawork-w-natural-175x202","status":"publish","type":"product","link":"https:\/\/tilefly.com\/fr\/produit\/hexawork-w-natural-175x202\/","title":{"rendered":"HEXAWORK W NATURAL 17,5X20,2"},"content":{"rendered":"<h2><strong>HEXAWORK W NATURAL 17,5X20,2<\/strong><\/h2><\/p><p><strong>HEXAWORK W NATURAL 17,5X20,2<\/strong> apporte une touche d&#8217;authenticit\u00e9 et de naturel \u00e0 votre sol. Son design hexagonal, son ton naturel et sa finition mate en font un choix parfait pour les projets recherchant un style chaleureux et polyvalent. <\/p><p>Faisant partie de la collection <a href=\"https:\/\/tilefly.com\/producto\/work\/\">Work<\/a>, cette pi\u00e8ce refl\u00e8te la philosophie architecturale de Luigi Romanelli, offrant design et fonctionnalit\u00e9 en un seul produit.<\/p><p>D\u00e9couvrez la s\u00e9rie Work et transformez vos espaces avec ce design unique.<\/p>","protected":false},"excerpt":{"rendered":"<p>HEXAWORK W NATURAL 17,5X20,2HEXAWORK W NATURAL 17,5X20,2 apporte une touche d&#8217;authenticit\u00e9 et de naturel \u00e0 votre sol. Son design hexagonal, son ton naturel et sa finition mate en font un choix parfait pour les projets recherchant un style chaleureux et polyvalent. Faisant partie de la collection Work, cette pi\u00e8ce refl\u00e8te la philosophie architecturale de Luigi [&hellip;]<\/p>\n","protected":false},"featured_media":546257,"comment_status":"open","ping_status":"closed","template":"","meta":[],"product_brand":[],"product_cat":[353,355,356,354],"product_tag":[],"class_list":{"0":"post-548047","1":"product","2":"type-product","3":"status-publish","4":"has-post-thumbnail","6":"product_cat-carrelage","7":"product_cat-cuisines","8":"product_cat-faiences","9":"product_cat-carrelage-salle-de-bain","11":"first","12":"outofstock","13":"shipping-taxable","14":"purchasable","15":"product-type-simple"},"_links":{"self":[{"href":"https:\/\/tilefly.com\/fr\/wp-json\/wp\/v2\/product\/548047","targetHints":{"allow":["GET"]}}],"collection":[{"href":"https:\/\/tilefly.com\/fr\/wp-json\/wp\/v2\/product"}],"about":[{"href":"https:\/\/tilefly.com\/fr\/wp-json\/wp\/v2\/types\/product"}],"replies":[{"embeddable":true,"href":"https:\/\/tilefly.com\/fr\/wp-json\/wp\/v2\/comments?post=548047"}],"wp:featuredmedia":[{"embeddable":true,"href":"https:\/\/tilefly.com\/fr\/wp-json\/wp\/v2\/media\/546257"}],"wp:attachment":[{"href":"https:\/\/tilefly.com\/fr\/wp-json\/wp\/v2\/media?parent=548047"}],"wp:term":[{"taxonomy":"product_brand","embeddable":true,"href":"https:\/\/tilefly.com\/fr\/wp-json\/wp\/v2\/product_brand?post=548047"},{"taxonomy":"product_cat","embeddable":true,"href":"https:\/\/tilefly.com\/fr\/wp-json\/wp\/v2\/product_cat?post=548047"},{"taxonomy":"product_tag","embeddable":true,"href":"https:\/\/tilefly.com\/fr\/wp-json\/wp\/v2\/product_tag?post=548047"}],"curies":[{"name":"wp","href":"https:\/\/api.w.org\/{rel}","templated":true}]}}