{"id":548045,"date":"2024-11-15T15:46:04","date_gmt":"2024-11-15T14:46:04","guid":{"rendered":"https:\/\/tilefly.com\/producto\/hexawork-b-coal-175x202\/"},"modified":"2024-11-29T23:39:08","modified_gmt":"2024-11-29T22:39:08","slug":"hexawork-b-coal-175x202","status":"publish","type":"product","link":"https:\/\/tilefly.com\/fr\/produit\/hexawork-b-coal-175x202\/","title":{"rendered":"HEXAWORK B COAL 17,5X20,2"},"content":{"rendered":"<h2><strong>HEXAWORK B CHARBON 17,5X20,2<\/strong><\/h2><\/p><p><strong>HEXAWORK B COAL 17,5X20,2<\/strong> dans le ton gris fonc\u00e9 apporte force et sophistication \u00e0 votre rev\u00eatement de sol. Son design hexagonal et sa finition mate, combin\u00e9s \u00e0 la texture imitation ciment, en font un choix id\u00e9al pour les projets modernes et audacieux. <\/p><p>Cette pi\u00e8ce, qui fait partie de la collection <a href=\"https:\/\/tilefly.com\/producto\/work\/\">Work<\/a>, refl\u00e8te le design architectural polyvalent qui d\u00e9finit cette s\u00e9rie.<\/p><p>Explorez la cr\u00e9ativit\u00e9 de la s\u00e9rie Work et transformez vos espaces avec cette pi\u00e8ce unique.<\/p>","protected":false},"excerpt":{"rendered":"<p>HEXAWORK B CHARBON 17,5X20,2HEXAWORK B COAL 17,5X20,2 dans le ton gris fonc\u00e9 apporte force et sophistication \u00e0 votre rev\u00eatement de sol. Son design hexagonal et sa finition mate, combin\u00e9s \u00e0 la texture imitation ciment, en font un choix id\u00e9al pour les projets modernes et audacieux. Cette pi\u00e8ce, qui fait partie de la collection Work, refl\u00e8te [&hellip;]<\/p>\n","protected":false},"featured_media":546237,"comment_status":"open","ping_status":"closed","template":"","meta":[],"product_brand":[],"product_cat":[353,355,356,354],"product_tag":[],"class_list":{"0":"post-548045","1":"product","2":"type-product","3":"status-publish","4":"has-post-thumbnail","6":"product_cat-carrelage","7":"product_cat-cuisines","8":"product_cat-faiences","9":"product_cat-carrelage-salle-de-bain","11":"first","12":"instock","13":"shipping-taxable","14":"purchasable","15":"product-type-simple"},"_links":{"self":[{"href":"https:\/\/tilefly.com\/fr\/wp-json\/wp\/v2\/product\/548045","targetHints":{"allow":["GET"]}}],"collection":[{"href":"https:\/\/tilefly.com\/fr\/wp-json\/wp\/v2\/product"}],"about":[{"href":"https:\/\/tilefly.com\/fr\/wp-json\/wp\/v2\/types\/product"}],"replies":[{"embeddable":true,"href":"https:\/\/tilefly.com\/fr\/wp-json\/wp\/v2\/comments?post=548045"}],"wp:featuredmedia":[{"embeddable":true,"href":"https:\/\/tilefly.com\/fr\/wp-json\/wp\/v2\/media\/546237"}],"wp:attachment":[{"href":"https:\/\/tilefly.com\/fr\/wp-json\/wp\/v2\/media?parent=548045"}],"wp:term":[{"taxonomy":"product_brand","embeddable":true,"href":"https:\/\/tilefly.com\/fr\/wp-json\/wp\/v2\/product_brand?post=548045"},{"taxonomy":"product_cat","embeddable":true,"href":"https:\/\/tilefly.com\/fr\/wp-json\/wp\/v2\/product_cat?post=548045"},{"taxonomy":"product_tag","embeddable":true,"href":"https:\/\/tilefly.com\/fr\/wp-json\/wp\/v2\/product_tag?post=548045"}],"curies":[{"name":"wp","href":"https:\/\/api.w.org\/{rel}","templated":true}]}}