{"id":548038,"date":"2024-11-15T15:46:01","date_gmt":"2024-11-15T14:46:01","guid":{"rendered":"https:\/\/tilefly.com\/producto\/hexawork-b-cenere-175x202\/"},"modified":"2024-11-29T23:38:52","modified_gmt":"2024-11-29T22:38:52","slug":"hexawork-b-cenere-175x202","status":"publish","type":"product","link":"https:\/\/tilefly.com\/fr\/produit\/hexawork-b-cenere-175x202\/","title":{"rendered":"HEXAWORK B CENERE 17,5X20,2"},"content":{"rendered":"<h2><strong>HEXAWORK B CENERE 17,5X20,2<\/strong><\/h2><\/p><p><strong>HEXAWORK B CENERE 17,5X20,2<\/strong> associe la neutralit\u00e9 du ton fr\u00eane au format hexagonal pour offrir un design moderne et fonctionnel. Sa finition mate et son imitation ciment sont id\u00e9ales pour les sols qui recherchent un \u00e9quilibre entre esth\u00e9tique et praticit\u00e9. <\/p><p>Appartenant \u00e0 la collection <a href=\"https:\/\/tilefly.com\/producto\/work\/\">Work<\/a>, cette pi\u00e8ce se distingue par sa polyvalence, s&#8217;adaptant \u00e0 diff\u00e9rents projets et styles.<\/p><p>D\u00e9couvrez les possibilit\u00e9s de conception offertes par la s\u00e9rie Work et ajoutez une touche architecturale unique \u00e0 vos espaces.<\/p>","protected":false},"excerpt":{"rendered":"<p>HEXAWORK B CENERE 17,5X20,2HEXAWORK B CENERE 17,5X20,2 associe la neutralit\u00e9 du ton fr\u00eane au format hexagonal pour offrir un design moderne et fonctionnel. Sa finition mate et son imitation ciment sont id\u00e9ales pour les sols qui recherchent un \u00e9quilibre entre esth\u00e9tique et praticit\u00e9. Appartenant \u00e0 la collection Work, cette pi\u00e8ce se distingue par sa polyvalence, [&hellip;]<\/p>\n","protected":false},"featured_media":546224,"comment_status":"open","ping_status":"closed","template":"","meta":[],"product_brand":[],"product_cat":[353,355,356,354],"product_tag":[],"class_list":{"0":"post-548038","1":"product","2":"type-product","3":"status-publish","4":"has-post-thumbnail","6":"product_cat-carrelage","7":"product_cat-cuisines","8":"product_cat-faiences","9":"product_cat-carrelage-salle-de-bain","11":"first","12":"instock","13":"shipping-taxable","14":"purchasable","15":"product-type-simple"},"_links":{"self":[{"href":"https:\/\/tilefly.com\/fr\/wp-json\/wp\/v2\/product\/548038","targetHints":{"allow":["GET"]}}],"collection":[{"href":"https:\/\/tilefly.com\/fr\/wp-json\/wp\/v2\/product"}],"about":[{"href":"https:\/\/tilefly.com\/fr\/wp-json\/wp\/v2\/types\/product"}],"replies":[{"embeddable":true,"href":"https:\/\/tilefly.com\/fr\/wp-json\/wp\/v2\/comments?post=548038"}],"wp:featuredmedia":[{"embeddable":true,"href":"https:\/\/tilefly.com\/fr\/wp-json\/wp\/v2\/media\/546224"}],"wp:attachment":[{"href":"https:\/\/tilefly.com\/fr\/wp-json\/wp\/v2\/media?parent=548038"}],"wp:term":[{"taxonomy":"product_brand","embeddable":true,"href":"https:\/\/tilefly.com\/fr\/wp-json\/wp\/v2\/product_brand?post=548038"},{"taxonomy":"product_cat","embeddable":true,"href":"https:\/\/tilefly.com\/fr\/wp-json\/wp\/v2\/product_cat?post=548038"},{"taxonomy":"product_tag","embeddable":true,"href":"https:\/\/tilefly.com\/fr\/wp-json\/wp\/v2\/product_tag?post=548038"}],"curies":[{"name":"wp","href":"https:\/\/api.w.org\/{rel}","templated":true}]}}