{"id":548037,"date":"2024-11-15T15:45:46","date_gmt":"2024-11-15T14:45:46","guid":{"rendered":"https:\/\/tilefly.com\/producto\/high-thickness-work-b-coal-rect-90x90\/"},"modified":"2024-11-29T23:38:51","modified_gmt":"2024-11-29T22:38:51","slug":"high-thickness-work-b-coal-rect-90x90","status":"publish","type":"product","link":"https:\/\/tilefly.com\/fr\/produit\/high-thickness-work-b-coal-rect-90x90\/","title":{"rendered":"HIGH THICKNESS WORK B COAL RECT 90X90"},"content":{"rendered":"<h2><strong>CHARBON RECT 90X90 \u00c0 FORTE \u00c9PAISSEUR<\/strong><\/h2><\/p><p><strong>HIGH THRONESS WORK B COAL RECT 90X90<\/strong> apporte de la profondeur et du caract\u00e8re \u00e0 vos sols gr\u00e2ce \u00e0 son ton gris fonc\u00e9 et \u00e0 son design antid\u00e9rapant. Sa finition mate et son imitation ciment en font un choix id\u00e9al pour les espaces modernes et audacieux. <\/p><p>Appartenant \u00e0 la collection <a href=\"https:\/\/tilefly.com\/producto\/work\/\">Work<\/a>, cette pi\u00e8ce refl\u00e8te l&#8217;engagement de Luigi Romanelli en mati\u00e8re de conception architecturale, alliant fonctionnalit\u00e9 et esth\u00e9tique dans un seul mat\u00e9riau.<\/p><p>Explorez la s\u00e9rie Work et cr\u00e9ez des environnements uniques et pleins de personnalit\u00e9.<\/p>","protected":false},"excerpt":{"rendered":"<p>CHARBON RECT 90X90 \u00c0 FORTE \u00c9PAISSEURHIGH THRONESS WORK B COAL RECT 90X90 apporte de la profondeur et du caract\u00e8re \u00e0 vos sols gr\u00e2ce \u00e0 son ton gris fonc\u00e9 et \u00e0 son design antid\u00e9rapant. Sa finition mate et son imitation ciment en font un choix id\u00e9al pour les espaces modernes et audacieux. Appartenant \u00e0 la collection [&hellip;]<\/p>\n","protected":false},"featured_media":546198,"comment_status":"open","ping_status":"closed","template":"","meta":[],"product_brand":[],"product_cat":[353,355,356,354],"product_tag":[],"class_list":{"0":"post-548037","1":"product","2":"type-product","3":"status-publish","4":"has-post-thumbnail","6":"product_cat-carrelage","7":"product_cat-cuisines","8":"product_cat-faiences","9":"product_cat-carrelage-salle-de-bain","11":"first","12":"instock","13":"shipping-taxable","14":"purchasable","15":"product-type-simple"},"_links":{"self":[{"href":"https:\/\/tilefly.com\/fr\/wp-json\/wp\/v2\/product\/548037","targetHints":{"allow":["GET"]}}],"collection":[{"href":"https:\/\/tilefly.com\/fr\/wp-json\/wp\/v2\/product"}],"about":[{"href":"https:\/\/tilefly.com\/fr\/wp-json\/wp\/v2\/types\/product"}],"replies":[{"embeddable":true,"href":"https:\/\/tilefly.com\/fr\/wp-json\/wp\/v2\/comments?post=548037"}],"wp:featuredmedia":[{"embeddable":true,"href":"https:\/\/tilefly.com\/fr\/wp-json\/wp\/v2\/media\/546198"}],"wp:attachment":[{"href":"https:\/\/tilefly.com\/fr\/wp-json\/wp\/v2\/media?parent=548037"}],"wp:term":[{"taxonomy":"product_brand","embeddable":true,"href":"https:\/\/tilefly.com\/fr\/wp-json\/wp\/v2\/product_brand?post=548037"},{"taxonomy":"product_cat","embeddable":true,"href":"https:\/\/tilefly.com\/fr\/wp-json\/wp\/v2\/product_cat?post=548037"},{"taxonomy":"product_tag","embeddable":true,"href":"https:\/\/tilefly.com\/fr\/wp-json\/wp\/v2\/product_tag?post=548037"}],"curies":[{"name":"wp","href":"https:\/\/api.w.org\/{rel}","templated":true}]}}