{"id":548025,"date":"2024-11-15T15:45:37","date_gmt":"2024-11-15T14:45:37","guid":{"rendered":"https:\/\/tilefly.com\/producto\/high-thickness-work-b-bianco-rect-90x90\/"},"modified":"2024-11-29T23:38:40","modified_gmt":"2024-11-29T22:38:40","slug":"high-thickness-work-b-bianco-rect-90x90","status":"publish","type":"product","link":"https:\/\/tilefly.com\/fr\/produit\/high-thickness-work-b-bianco-rect-90x90\/","title":{"rendered":"HIGH THICKNESS WORK B BIANCO RECT 90X90"},"content":{"rendered":"<h2><strong>TRAVAIL \u00c0 FORTE \u00c9PAISSEUR B BIANCO RECT 90X90<\/strong><\/h2><\/p><p><strong>WORK B BIANCO RECT 90X90<\/strong> \u00e0 <strong>haute \u00e9paisseur<\/strong> allie \u00e9l\u00e9gance et fonctionnalit\u00e9 dans un gr\u00e8s c\u00e9rame antid\u00e9rapant \u00e0 la finition mate. Son ton blanc et son design imitant le ciment en font un choix parfait pour les rev\u00eatements de sol qui cherchent \u00e0 transmettre luminosit\u00e9 et modernit\u00e9. <\/p><p>Appartenant \u00e0 la collection <a href=\"https:\/\/tilefly.com\/producto\/work\/\">Work<\/a>, con\u00e7ue par Luigi Romanelli, cette pi\u00e8ce offre un style architectural polyvalent qui s&#8217;adapte \u00e0 n&#8217;importe quel espace avec une approche pratique et sophistiqu\u00e9e.<\/p><p>D\u00e9couvrez la s\u00e9rie Work et transformez vos projets gr\u00e2ce \u00e0 cette pi\u00e8ce unique et fonctionnelle.<\/p>","protected":false},"excerpt":{"rendered":"<p>TRAVAIL \u00c0 FORTE \u00c9PAISSEUR B BIANCO RECT 90X90WORK B BIANCO RECT 90X90 \u00e0 haute \u00e9paisseur allie \u00e9l\u00e9gance et fonctionnalit\u00e9 dans un gr\u00e8s c\u00e9rame antid\u00e9rapant \u00e0 la finition mate. Son ton blanc et son design imitant le ciment en font un choix parfait pour les rev\u00eatements de sol qui cherchent \u00e0 transmettre luminosit\u00e9 et modernit\u00e9. Appartenant [&hellip;]<\/p>\n","protected":false},"featured_media":546172,"comment_status":"open","ping_status":"closed","template":"","meta":[],"product_brand":[],"product_cat":[353,355,356,354],"product_tag":[],"class_list":{"0":"post-548025","1":"product","2":"type-product","3":"status-publish","4":"has-post-thumbnail","6":"product_cat-carrelage","7":"product_cat-cuisines","8":"product_cat-faiences","9":"product_cat-carrelage-salle-de-bain","11":"first","12":"instock","13":"shipping-taxable","14":"purchasable","15":"product-type-simple"},"_links":{"self":[{"href":"https:\/\/tilefly.com\/fr\/wp-json\/wp\/v2\/product\/548025","targetHints":{"allow":["GET"]}}],"collection":[{"href":"https:\/\/tilefly.com\/fr\/wp-json\/wp\/v2\/product"}],"about":[{"href":"https:\/\/tilefly.com\/fr\/wp-json\/wp\/v2\/types\/product"}],"replies":[{"embeddable":true,"href":"https:\/\/tilefly.com\/fr\/wp-json\/wp\/v2\/comments?post=548025"}],"wp:featuredmedia":[{"embeddable":true,"href":"https:\/\/tilefly.com\/fr\/wp-json\/wp\/v2\/media\/546172"}],"wp:attachment":[{"href":"https:\/\/tilefly.com\/fr\/wp-json\/wp\/v2\/media?parent=548025"}],"wp:term":[{"taxonomy":"product_brand","embeddable":true,"href":"https:\/\/tilefly.com\/fr\/wp-json\/wp\/v2\/product_brand?post=548025"},{"taxonomy":"product_cat","embeddable":true,"href":"https:\/\/tilefly.com\/fr\/wp-json\/wp\/v2\/product_cat?post=548025"},{"taxonomy":"product_tag","embeddable":true,"href":"https:\/\/tilefly.com\/fr\/wp-json\/wp\/v2\/product_tag?post=548025"}],"curies":[{"name":"wp","href":"https:\/\/api.w.org\/{rel}","templated":true}]}}