{"id":548022,"date":"2024-11-15T15:45:29","date_gmt":"2024-11-15T14:45:29","guid":{"rendered":"https:\/\/tilefly.com\/producto\/glass-mosaic-wabi-taupe-315x396-25x25\/"},"modified":"2024-11-29T23:38:39","modified_gmt":"2024-11-29T22:38:39","slug":"glass-mosaic-wabi-taupe-315x396-25x25","status":"publish","type":"product","link":"https:\/\/tilefly.com\/fr\/produit\/glass-mosaic-wabi-taupe-315x396-25x25\/","title":{"rendered":"GLASS MOSAIC WABI TAUPE 31,5X39,6 (2,5X2,5)"},"content":{"rendered":"<h2><strong>MOSA\u00cfQUE DE VERRE WABI TAUPE 31,5X39,6 (2,5X2,5)<\/strong><\/h2><\/p><p><strong>GLASS MOSAIC WABI TAUPE 31,5X39,6 (2,5X2,5)<\/strong> allie la chaleur du ton brun \u00e0 l&#8217;\u00e9l\u00e9gance de la gresite dans un design qui imite le ciment et le marbre. Sa finition mate et ses petits formats en font une solution d\u00e9corative polyvalente et raffin\u00e9e pour la Fa\u00efence. <\/p><p>Faisant partie de la collection <a href=\"https:\/\/tilefly.com\/producto\/wabi-sabi\/\">Wabi Sabi<\/a>, cette pi\u00e8ce fusionne des mat\u00e9riaux naturels et industriels, cr\u00e9ant un ensemble harmonieux et \u00e9quilibr\u00e9.<\/p><p>Transformez vos espaces avec le design unique et sophistiqu\u00e9 de la s\u00e9rie Wabi Sabi.<\/p>","protected":false},"excerpt":{"rendered":"<p>MOSA\u00cfQUE DE VERRE WABI TAUPE 31,5X39,6 (2,5X2,5)GLASS MOSAIC WABI TAUPE 31,5X39,6 (2,5X2,5) allie la chaleur du ton brun \u00e0 l&#8217;\u00e9l\u00e9gance de la gresite dans un design qui imite le ciment et le marbre. Sa finition mate et ses petits formats en font une solution d\u00e9corative polyvalente et raffin\u00e9e pour la Fa\u00efence. Faisant partie de la [&hellip;]<\/p>\n","protected":false},"featured_media":546146,"comment_status":"open","ping_status":"closed","template":"","meta":[],"product_brand":[],"product_cat":[355,356,354],"product_tag":[],"class_list":{"0":"post-548022","1":"product","2":"type-product","3":"status-publish","4":"has-post-thumbnail","6":"product_cat-cuisines","7":"product_cat-faiences","8":"product_cat-carrelage-salle-de-bain","10":"first","11":"instock","12":"shipping-taxable","13":"purchasable","14":"product-type-simple"},"_links":{"self":[{"href":"https:\/\/tilefly.com\/fr\/wp-json\/wp\/v2\/product\/548022","targetHints":{"allow":["GET"]}}],"collection":[{"href":"https:\/\/tilefly.com\/fr\/wp-json\/wp\/v2\/product"}],"about":[{"href":"https:\/\/tilefly.com\/fr\/wp-json\/wp\/v2\/types\/product"}],"replies":[{"embeddable":true,"href":"https:\/\/tilefly.com\/fr\/wp-json\/wp\/v2\/comments?post=548022"}],"wp:featuredmedia":[{"embeddable":true,"href":"https:\/\/tilefly.com\/fr\/wp-json\/wp\/v2\/media\/546146"}],"wp:attachment":[{"href":"https:\/\/tilefly.com\/fr\/wp-json\/wp\/v2\/media?parent=548022"}],"wp:term":[{"taxonomy":"product_brand","embeddable":true,"href":"https:\/\/tilefly.com\/fr\/wp-json\/wp\/v2\/product_brand?post=548022"},{"taxonomy":"product_cat","embeddable":true,"href":"https:\/\/tilefly.com\/fr\/wp-json\/wp\/v2\/product_cat?post=548022"},{"taxonomy":"product_tag","embeddable":true,"href":"https:\/\/tilefly.com\/fr\/wp-json\/wp\/v2\/product_tag?post=548022"}],"curies":[{"name":"wp","href":"https:\/\/api.w.org\/{rel}","templated":true}]}}