{"id":548020,"date":"2024-11-15T15:45:22","date_gmt":"2024-11-15T14:45:22","guid":{"rendered":"https:\/\/tilefly.com\/producto\/stru-wabi-sabbia-rect-120x120\/"},"modified":"2024-11-29T23:38:35","modified_gmt":"2024-11-29T22:38:35","slug":"stru-wabi-sabbia-rect-120x120","status":"publish","type":"product","link":"https:\/\/tilefly.com\/fr\/produit\/stru-wabi-sabbia-rect-120x120\/","title":{"rendered":"STRU WABI SABBIA RECT 120X120"},"content":{"rendered":"<h2><strong>STRU WABI SABBIA RECT 120X120<\/strong><\/h2><\/p><p><strong>STRU WABI SABBIA RECT 120X120<\/strong> apporte une touche de s\u00e9r\u00e9nit\u00e9 et d&#8217;\u00e9quilibre \u00e0 vos sols avec son ton sable chaud. Ce gr\u00e8s c\u00e9rame \u00e0 la finition mate et au design antid\u00e9rapant allie la sobri\u00e9t\u00e9 du ciment \u00e0 l&#8217;\u00e9l\u00e9gance du marbre, id\u00e9al pour les projets modernes et fonctionnels. <\/p><p>Faisant partie de la collection <a href=\"https:\/\/tilefly.com\/producto\/wabi-sabi\/\">Wabi Sabi<\/a>, cette pi\u00e8ce capture l&#8217;essence de la nature et de l&#8217;industrie dans un design polyvalent qui s&#8217;adapte \u00e0 n&#8217;importe quel espace.<\/p><p>Transformez vos environnements avec la sophistication et le style unique de la s\u00e9rie Wabi Sabi.<\/p>","protected":false},"excerpt":{"rendered":"<p>STRU WABI SABBIA RECT 120X120STRU WABI SABBIA RECT 120X120 apporte une touche de s\u00e9r\u00e9nit\u00e9 et d&#8217;\u00e9quilibre \u00e0 vos sols avec son ton sable chaud. Ce gr\u00e8s c\u00e9rame \u00e0 la finition mate et au design antid\u00e9rapant allie la sobri\u00e9t\u00e9 du ciment \u00e0 l&#8217;\u00e9l\u00e9gance du marbre, id\u00e9al pour les projets modernes et fonctionnels. Faisant partie de la [&hellip;]<\/p>\n","protected":false},"featured_media":546126,"comment_status":"open","ping_status":"closed","template":"","meta":[],"product_brand":[],"product_cat":[353,355,356,354],"product_tag":[],"class_list":{"0":"post-548020","1":"product","2":"type-product","3":"status-publish","4":"has-post-thumbnail","6":"product_cat-carrelage","7":"product_cat-cuisines","8":"product_cat-faiences","9":"product_cat-carrelage-salle-de-bain","11":"first","12":"instock","13":"shipping-taxable","14":"purchasable","15":"product-type-simple"},"_links":{"self":[{"href":"https:\/\/tilefly.com\/fr\/wp-json\/wp\/v2\/product\/548020","targetHints":{"allow":["GET"]}}],"collection":[{"href":"https:\/\/tilefly.com\/fr\/wp-json\/wp\/v2\/product"}],"about":[{"href":"https:\/\/tilefly.com\/fr\/wp-json\/wp\/v2\/types\/product"}],"replies":[{"embeddable":true,"href":"https:\/\/tilefly.com\/fr\/wp-json\/wp\/v2\/comments?post=548020"}],"wp:featuredmedia":[{"embeddable":true,"href":"https:\/\/tilefly.com\/fr\/wp-json\/wp\/v2\/media\/546126"}],"wp:attachment":[{"href":"https:\/\/tilefly.com\/fr\/wp-json\/wp\/v2\/media?parent=548020"}],"wp:term":[{"taxonomy":"product_brand","embeddable":true,"href":"https:\/\/tilefly.com\/fr\/wp-json\/wp\/v2\/product_brand?post=548020"},{"taxonomy":"product_cat","embeddable":true,"href":"https:\/\/tilefly.com\/fr\/wp-json\/wp\/v2\/product_cat?post=548020"},{"taxonomy":"product_tag","embeddable":true,"href":"https:\/\/tilefly.com\/fr\/wp-json\/wp\/v2\/product_tag?post=548020"}],"curies":[{"name":"wp","href":"https:\/\/api.w.org\/{rel}","templated":true}]}}