{"id":548017,"date":"2024-11-15T15:45:26","date_gmt":"2024-11-15T14:45:26","guid":{"rendered":"https:\/\/tilefly.com\/producto\/glass-mosaic-wabi-bianco-315x396-25x25\/"},"modified":"2024-11-29T23:38:34","modified_gmt":"2024-11-29T22:38:34","slug":"glass-mosaic-wabi-bianco-315x396-25x25","status":"publish","type":"product","link":"https:\/\/tilefly.com\/fr\/produit\/glass-mosaic-wabi-bianco-315x396-25x25\/","title":{"rendered":"GLASS MOSAIC WABI BIANCO 31,5X39,6 (2,5X2,5)"},"content":{"rendered":"<h2><strong>MOSA\u00cfQUE DE VERRE WABI BIANCO 31,5X39,6 (2,5X2,5)<\/strong><\/h2><\/p><p>Apportez une touche d\u00e9licate et moderne \u00e0 vos Fa\u00efences avec la <strong>MOSAIQUE DE VERRE WABI BIANCO 31,5X39,6 (2,5X2,5)<\/strong>. Cette mosa\u00efque blanche combine l&#8217;imitation du ciment et du marbre avec l&#8217;\u00e9l\u00e9gante texture de la gresite, obtenant ainsi une finition mate sophistiqu\u00e9e et contemporaine. <\/p><p>Appartenant \u00e0 la collection <a href=\"https:\/\/tilefly.com\/producto\/wabi-sabi\/\">Wabi Sabi<\/a>, cette pi\u00e8ce est id\u00e9ale pour cr\u00e9er des d\u00e9tails d\u00e9coratifs qui refl\u00e8tent l&#8217;harmonie et le design.<\/p><p>D\u00e9couvrez les possibilit\u00e9s infinies de la s\u00e9rie Wabi Sabi et rehaussez vos espaces avec cette mosa\u00efque exclusive.<\/p>","protected":false},"excerpt":{"rendered":"<p>MOSA\u00cfQUE DE VERRE WABI BIANCO 31,5X39,6 (2,5X2,5)Apportez une touche d\u00e9licate et moderne \u00e0 vos Fa\u00efences avec la MOSAIQUE DE VERRE WABI BIANCO 31,5X39,6 (2,5X2,5). Cette mosa\u00efque blanche combine l&#8217;imitation du ciment et du marbre avec l&#8217;\u00e9l\u00e9gante texture de la gresite, obtenant ainsi une finition mate sophistiqu\u00e9e et contemporaine. Appartenant \u00e0 la collection Wabi Sabi, cette [&hellip;]<\/p>\n","protected":false},"featured_media":546133,"comment_status":"open","ping_status":"closed","template":"","meta":[],"product_brand":[],"product_cat":[355,356,354],"product_tag":[],"class_list":{"0":"post-548017","1":"product","2":"type-product","3":"status-publish","4":"has-post-thumbnail","6":"product_cat-cuisines","7":"product_cat-faiences","8":"product_cat-carrelage-salle-de-bain","10":"first","11":"instock","12":"shipping-taxable","13":"purchasable","14":"product-type-simple"},"_links":{"self":[{"href":"https:\/\/tilefly.com\/fr\/wp-json\/wp\/v2\/product\/548017","targetHints":{"allow":["GET"]}}],"collection":[{"href":"https:\/\/tilefly.com\/fr\/wp-json\/wp\/v2\/product"}],"about":[{"href":"https:\/\/tilefly.com\/fr\/wp-json\/wp\/v2\/types\/product"}],"replies":[{"embeddable":true,"href":"https:\/\/tilefly.com\/fr\/wp-json\/wp\/v2\/comments?post=548017"}],"wp:featuredmedia":[{"embeddable":true,"href":"https:\/\/tilefly.com\/fr\/wp-json\/wp\/v2\/media\/546133"}],"wp:attachment":[{"href":"https:\/\/tilefly.com\/fr\/wp-json\/wp\/v2\/media?parent=548017"}],"wp:term":[{"taxonomy":"product_brand","embeddable":true,"href":"https:\/\/tilefly.com\/fr\/wp-json\/wp\/v2\/product_brand?post=548017"},{"taxonomy":"product_cat","embeddable":true,"href":"https:\/\/tilefly.com\/fr\/wp-json\/wp\/v2\/product_cat?post=548017"},{"taxonomy":"product_tag","embeddable":true,"href":"https:\/\/tilefly.com\/fr\/wp-json\/wp\/v2\/product_tag?post=548017"}],"curies":[{"name":"wp","href":"https:\/\/api.w.org\/{rel}","templated":true}]}}