{"id":547952,"date":"2024-11-15T16:11:25","date_gmt":"2024-11-22T19:08:12","guid":{"rendered":"https:\/\/tilefly.com\/producto\/triana\/"},"modified":"2025-02-19T02:06:52","modified_gmt":"2025-02-19T01:06:52","slug":"triana","status":"publish","type":"product","link":"https:\/\/tilefly.com\/fr\/produit\/triana\/","title":{"rendered":"TRIANA"},"content":{"rendered":"<p>Triana, \u00e0 S\u00e9ville, est traditionnellement un quartier de marins, d&#8217;ouvriers, de potiers et d&#8217;industriels. C&#8217;est aussi le flamenco, la musique et l&#8217;art. La guitare et la c\u00e9ramique ont partag\u00e9 la vedette dans les rues de ce quartier. Car la collection Triana d&#8217;APE est le reflet fid\u00e8le d&#8217;un processus d\u00e9licat. Chacune de ses veines est travaill\u00e9e et mise en valeur dans ses pi\u00e8ces. La musique se ressent dans chacune de ses lignes. On peut l&#8217;\u00e9couter, on peut la sentir et, plus encore, \u00e0 travers ses diff\u00e9rents formats.      <\/p>","protected":false},"excerpt":{"rendered":"<p>Triana, \u00e0 S\u00e9ville, est traditionnellement un quartier de marins, d&#8217;ouvriers, de potiers et d&#8217;industriels. C&#8217;est aussi le flamenco, la musique et l&#8217;art. La guitare et la c\u00e9ramique ont partag\u00e9 la vedette dans les rues de ce quartier. Car la collection Triana d&#8217;APE est le reflet fid\u00e8le d&#8217;un processus d\u00e9licat. Chacune de ses veines est travaill\u00e9e [&hellip;]<\/p>\n","protected":false},"featured_media":546008,"comment_status":"closed","ping_status":"closed","template":"","meta":[],"product_brand":[],"product_cat":[353,355,356,354],"product_tag":[],"class_list":{"0":"post-547952","1":"product","2":"type-product","3":"status-publish","4":"has-post-thumbnail","6":"product_cat-carrelage","7":"product_cat-cuisines","8":"product_cat-faiences","9":"product_cat-carrelage-salle-de-bain","11":"first","12":"instock","13":"shipping-taxable","14":"product-type-grouped"},"_links":{"self":[{"href":"https:\/\/tilefly.com\/fr\/wp-json\/wp\/v2\/product\/547952","targetHints":{"allow":["GET"]}}],"collection":[{"href":"https:\/\/tilefly.com\/fr\/wp-json\/wp\/v2\/product"}],"about":[{"href":"https:\/\/tilefly.com\/fr\/wp-json\/wp\/v2\/types\/product"}],"replies":[{"embeddable":true,"href":"https:\/\/tilefly.com\/fr\/wp-json\/wp\/v2\/comments?post=547952"}],"wp:featuredmedia":[{"embeddable":true,"href":"https:\/\/tilefly.com\/fr\/wp-json\/wp\/v2\/media\/546008"}],"wp:attachment":[{"href":"https:\/\/tilefly.com\/fr\/wp-json\/wp\/v2\/media?parent=547952"}],"wp:term":[{"taxonomy":"product_brand","embeddable":true,"href":"https:\/\/tilefly.com\/fr\/wp-json\/wp\/v2\/product_brand?post=547952"},{"taxonomy":"product_cat","embeddable":true,"href":"https:\/\/tilefly.com\/fr\/wp-json\/wp\/v2\/product_cat?post=547952"},{"taxonomy":"product_tag","embeddable":true,"href":"https:\/\/tilefly.com\/fr\/wp-json\/wp\/v2\/product_tag?post=547952"}],"curies":[{"name":"wp","href":"https:\/\/api.w.org\/{rel}","templated":true}]}}