{"id":547947,"date":"2024-11-15T16:08:56","date_gmt":"2024-11-22T19:08:08","guid":{"rendered":"https:\/\/tilefly.com\/producto\/tonality\/"},"modified":"2024-11-22T20:08:08","modified_gmt":"2024-11-22T19:08:08","slug":"tonality","status":"publish","type":"product","link":"https:\/\/tilefly.com\/fr\/produit\/tonality\/","title":{"rendered":"TONALITY"},"content":{"rendered":"<h2>S\u00e9rie Tonalit\u00e9<br \/><\/h2><p>Couleur et design \u00e0 parts \u00e9gales. Telle est Tonality, une collection exclusive de c\u00e9ramiques qui apporte vitalit\u00e9 et \u00e9nergie \u00e0 n&#8217;importe quelle pi\u00e8ce de votre maison. Le m\u00e9lange de textures, de couleurs et de mat\u00e9riaux est la cl\u00e9 du succ\u00e8s de notre collection, qui nous invite \u00e0 imaginer une infinit\u00e9 de combinaisons et d&#8217;atmosph\u00e8res gr\u00e2ce \u00e0 sa vari\u00e9t\u00e9 chromatique. En outre, Tonality est une proposition pleine de vie, pleine de design, parfaite pour donner de la couleur \u00e0 votre int\u00e9rieur avec cette collection c\u00e9ramique exclusive que vous pouvez mettre \u00e0 profit avec du marbre, du bois, de l&#8217;hydraulique ou d\u00e9cor\u00e9e avec des motifs floraux.<\/p>","protected":false},"excerpt":{"rendered":"<p>S\u00e9rie Tonalit\u00e9Couleur et design \u00e0 parts \u00e9gales. Telle est Tonality, une collection exclusive de c\u00e9ramiques qui apporte vitalit\u00e9 et \u00e9nergie \u00e0 n&#8217;importe quelle pi\u00e8ce de votre maison. Le m\u00e9lange de textures, de couleurs et de mat\u00e9riaux est la cl\u00e9 du succ\u00e8s de notre collection, qui nous invite \u00e0 imaginer une infinit\u00e9 de combinaisons et d&#8217;atmosph\u00e8res [&hellip;]<\/p>\n","protected":false},"featured_media":545878,"comment_status":"closed","ping_status":"closed","template":"","meta":[],"product_brand":[],"product_cat":[353,355,356,354,357],"product_tag":[],"class_list":{"0":"post-547947","1":"product","2":"type-product","3":"status-publish","4":"has-post-thumbnail","6":"product_cat-carrelage","7":"product_cat-cuisines","8":"product_cat-faiences","9":"product_cat-carrelage-salle-de-bain","10":"product_cat-carrelage-salon","12":"first","13":"instock","14":"shipping-taxable","15":"product-type-grouped"},"_links":{"self":[{"href":"https:\/\/tilefly.com\/fr\/wp-json\/wp\/v2\/product\/547947","targetHints":{"allow":["GET"]}}],"collection":[{"href":"https:\/\/tilefly.com\/fr\/wp-json\/wp\/v2\/product"}],"about":[{"href":"https:\/\/tilefly.com\/fr\/wp-json\/wp\/v2\/types\/product"}],"replies":[{"embeddable":true,"href":"https:\/\/tilefly.com\/fr\/wp-json\/wp\/v2\/comments?post=547947"}],"wp:featuredmedia":[{"embeddable":true,"href":"https:\/\/tilefly.com\/fr\/wp-json\/wp\/v2\/media\/545878"}],"wp:attachment":[{"href":"https:\/\/tilefly.com\/fr\/wp-json\/wp\/v2\/media?parent=547947"}],"wp:term":[{"taxonomy":"product_brand","embeddable":true,"href":"https:\/\/tilefly.com\/fr\/wp-json\/wp\/v2\/product_brand?post=547947"},{"taxonomy":"product_cat","embeddable":true,"href":"https:\/\/tilefly.com\/fr\/wp-json\/wp\/v2\/product_cat?post=547947"},{"taxonomy":"product_tag","embeddable":true,"href":"https:\/\/tilefly.com\/fr\/wp-json\/wp\/v2\/product_tag?post=547947"}],"curies":[{"name":"wp","href":"https:\/\/api.w.org\/{rel}","templated":true}]}}