{"id":547935,"date":"2024-11-15T15:48:55","date_gmt":"2024-11-15T14:48:55","guid":{"rendered":"https:\/\/tilefly.com\/producto\/zuhause-gips-lapatto-rect-90x90\/"},"modified":"2024-11-22T20:07:53","modified_gmt":"2024-11-22T19:07:53","slug":"zuhause-gips-lapatto-rect-90x90","status":"publish","type":"product","link":"https:\/\/tilefly.com\/fr\/produit\/zuhause-gips-lapatto-rect-90x90\/","title":{"rendered":"ZUHAUSE GIPS LAPATTO RECT 90X90"},"content":{"rendered":"<h2><strong>ZUHAUSE GIPS LAPATTO RECT 90X90<\/strong><\/h2><\/p><p><strong>ZUHAUSE GIPS LAPATTO RECT 90X90<\/strong> offre un ton gris \u00e9l\u00e9gant dans un format large, id\u00e9al pour les sols modernes et classiques. Sa finition lapado et son design imitation ciment se distinguent par leur polyvalence et leur style intemporel. <\/p><p>Faisant partie de la collection <a href=\"https:\/\/tilefly.com\/producto\/zuhause\/\">Zuhause<\/a>, cette pi\u00e8ce est parfaite pour ceux qui recherchent un design neutre et sophistiqu\u00e9.<\/p><p>D\u00e9couvrez les possibilit\u00e9s de la s\u00e9rie Zuhause et transformez vos espaces avec cette pi\u00e8ce exceptionnelle.<\/p>","protected":false},"excerpt":{"rendered":"<p>ZUHAUSE GIPS LAPATTO RECT 90X90ZUHAUSE GIPS LAPATTO RECT 90X90 offre un ton gris \u00e9l\u00e9gant dans un format large, id\u00e9al pour les sols modernes et classiques. Sa finition lapado et son design imitation ciment se distinguent par leur polyvalence et leur style intemporel. Faisant partie de la collection Zuhause, cette pi\u00e8ce est parfaite pour ceux qui [&hellip;]<\/p>\n","protected":false},"featured_media":546512,"comment_status":"open","ping_status":"closed","template":"","meta":[],"product_brand":[],"product_cat":[353,355,356,354],"product_tag":[],"class_list":{"0":"post-547935","1":"product","2":"type-product","3":"status-publish","4":"has-post-thumbnail","6":"product_cat-carrelage","7":"product_cat-cuisines","8":"product_cat-faiences","9":"product_cat-carrelage-salle-de-bain","11":"first","12":"instock","13":"shipping-taxable","14":"purchasable","15":"product-type-simple"},"_links":{"self":[{"href":"https:\/\/tilefly.com\/fr\/wp-json\/wp\/v2\/product\/547935","targetHints":{"allow":["GET"]}}],"collection":[{"href":"https:\/\/tilefly.com\/fr\/wp-json\/wp\/v2\/product"}],"about":[{"href":"https:\/\/tilefly.com\/fr\/wp-json\/wp\/v2\/types\/product"}],"replies":[{"embeddable":true,"href":"https:\/\/tilefly.com\/fr\/wp-json\/wp\/v2\/comments?post=547935"}],"wp:featuredmedia":[{"embeddable":true,"href":"https:\/\/tilefly.com\/fr\/wp-json\/wp\/v2\/media\/546512"}],"wp:attachment":[{"href":"https:\/\/tilefly.com\/fr\/wp-json\/wp\/v2\/media?parent=547935"}],"wp:term":[{"taxonomy":"product_brand","embeddable":true,"href":"https:\/\/tilefly.com\/fr\/wp-json\/wp\/v2\/product_brand?post=547935"},{"taxonomy":"product_cat","embeddable":true,"href":"https:\/\/tilefly.com\/fr\/wp-json\/wp\/v2\/product_cat?post=547935"},{"taxonomy":"product_tag","embeddable":true,"href":"https:\/\/tilefly.com\/fr\/wp-json\/wp\/v2\/product_tag?post=547935"}],"curies":[{"name":"wp","href":"https:\/\/api.w.org\/{rel}","templated":true}]}}