{"id":547932,"date":"2024-11-15T15:49:06","date_gmt":"2024-11-15T14:49:06","guid":{"rendered":"https:\/\/tilefly.com\/producto\/zuhause-asche-lapatto-rect-90x90\/"},"modified":"2024-11-22T20:07:51","modified_gmt":"2024-11-22T19:07:51","slug":"zuhause-asche-lapatto-rect-90x90","status":"publish","type":"product","link":"https:\/\/tilefly.com\/fr\/produit\/zuhause-asche-lapatto-rect-90x90\/","title":{"rendered":"ZUHAUSE ASCHE LAPATTO RECT 90X90"},"content":{"rendered":"<h2><strong>ZUHAUSE ASCHE LAPATTO RECT 90X90<\/strong><\/h2><\/p><p><strong>ZUHAUSE ASCHE LAPATTO RECT 90X90<\/strong> combine le ton gris avec un format large et une finition lapado qui met en valeur sa texture semi-brillante. Ce gr\u00e8s c\u00e9rame imitation ciment est id\u00e9al pour les sols qui recherchent un design sobre et \u00e9l\u00e9gant. <\/p><p>Faisant partie de la collection <a href=\"https:\/\/tilefly.com\/producto\/zuhause\/\">Zuhause<\/a>, cette pi\u00e8ce offre une solution polyvalente et \u00e9l\u00e9gante pour n&#8217;importe quel espace de la maison.<\/p><p>Explorez la s\u00e9rie Zuhause et cr\u00e9ez des environnements pleins de personnalit\u00e9 et de style.<\/p>","protected":false},"excerpt":{"rendered":"<p>ZUHAUSE ASCHE LAPATTO RECT 90X90ZUHAUSE ASCHE LAPATTO RECT 90X90 combine le ton gris avec un format large et une finition lapado qui met en valeur sa texture semi-brillante. Ce gr\u00e8s c\u00e9rame imitation ciment est id\u00e9al pour les sols qui recherchent un design sobre et \u00e9l\u00e9gant. Faisant partie de la collection Zuhause, cette pi\u00e8ce offre une [&hellip;]<\/p>\n","protected":false},"featured_media":546543,"comment_status":"open","ping_status":"closed","template":"","meta":[],"product_brand":[],"product_cat":[353,355,356,354],"product_tag":[],"class_list":{"0":"post-547932","1":"product","2":"type-product","3":"status-publish","4":"has-post-thumbnail","6":"product_cat-carrelage","7":"product_cat-cuisines","8":"product_cat-faiences","9":"product_cat-carrelage-salle-de-bain","11":"first","12":"instock","13":"shipping-taxable","14":"purchasable","15":"product-type-simple"},"_links":{"self":[{"href":"https:\/\/tilefly.com\/fr\/wp-json\/wp\/v2\/product\/547932","targetHints":{"allow":["GET"]}}],"collection":[{"href":"https:\/\/tilefly.com\/fr\/wp-json\/wp\/v2\/product"}],"about":[{"href":"https:\/\/tilefly.com\/fr\/wp-json\/wp\/v2\/types\/product"}],"replies":[{"embeddable":true,"href":"https:\/\/tilefly.com\/fr\/wp-json\/wp\/v2\/comments?post=547932"}],"wp:featuredmedia":[{"embeddable":true,"href":"https:\/\/tilefly.com\/fr\/wp-json\/wp\/v2\/media\/546543"}],"wp:attachment":[{"href":"https:\/\/tilefly.com\/fr\/wp-json\/wp\/v2\/media?parent=547932"}],"wp:term":[{"taxonomy":"product_brand","embeddable":true,"href":"https:\/\/tilefly.com\/fr\/wp-json\/wp\/v2\/product_brand?post=547932"},{"taxonomy":"product_cat","embeddable":true,"href":"https:\/\/tilefly.com\/fr\/wp-json\/wp\/v2\/product_cat?post=547932"},{"taxonomy":"product_tag","embeddable":true,"href":"https:\/\/tilefly.com\/fr\/wp-json\/wp\/v2\/product_tag?post=547932"}],"curies":[{"name":"wp","href":"https:\/\/api.w.org\/{rel}","templated":true}]}}