{"id":547923,"date":"2024-11-15T15:48:23","date_gmt":"2024-11-15T14:48:23","guid":{"rendered":"https:\/\/tilefly.com\/producto\/zuhause-graphit-lapatto-rect-60x120\/"},"modified":"2024-11-22T20:07:39","modified_gmt":"2024-11-22T19:07:39","slug":"zuhause-graphit-lapatto-rect-60x120","status":"publish","type":"product","link":"https:\/\/tilefly.com\/fr\/produit\/zuhause-graphit-lapatto-rect-60x120\/","title":{"rendered":"ZUHAUSE GRAPHIT LAPATTO RECT 60X120"},"content":{"rendered":"<h2><strong>ZUHAUSE GRAPHIT LAPATTO RECT 60X120<\/strong><\/h2><\/p><p>Le <strong>ZUHAUSE GRAPHIT LAPATTO RECT 60X120<\/strong> en gris fonc\u00e9 apporte un caract\u00e8re sophistiqu\u00e9 et contemporain \u00e0 votre rev\u00eatement de sol. Sa finition lapado et son design imitation ciment font de cette pi\u00e8ce une option polyvalente et \u00e9l\u00e9gante pour n&#8217;importe quelle pi\u00e8ce. <\/p><p>Faisant partie de la collection <a href=\"https:\/\/tilefly.com\/producto\/zuhause\/\">Zuhause<\/a>, cette pi\u00e8ce refl\u00e8te l&#8217;\u00e9l\u00e9gance d&#8217;un design classique combin\u00e9 \u00e0 des touches modernes.<\/p><p>D\u00e9couvrez les possibilit\u00e9s de la s\u00e9rie Zuhause et transformez vos environnements avec cette pi\u00e8ce unique.<\/p>","protected":false},"excerpt":{"rendered":"<p>ZUHAUSE GRAPHIT LAPATTO RECT 60X120Le ZUHAUSE GRAPHIT LAPATTO RECT 60X120 en gris fonc\u00e9 apporte un caract\u00e8re sophistiqu\u00e9 et contemporain \u00e0 votre rev\u00eatement de sol. Sa finition lapado et son design imitation ciment font de cette pi\u00e8ce une option polyvalente et \u00e9l\u00e9gante pour n&#8217;importe quelle pi\u00e8ce. Faisant partie de la collection Zuhause, cette pi\u00e8ce refl\u00e8te l&#8217;\u00e9l\u00e9gance [&hellip;]<\/p>\n","protected":false},"featured_media":546466,"comment_status":"open","ping_status":"closed","template":"","meta":[],"product_brand":[],"product_cat":[353,355,356,354],"product_tag":[],"class_list":{"0":"post-547923","1":"product","2":"type-product","3":"status-publish","4":"has-post-thumbnail","6":"product_cat-carrelage","7":"product_cat-cuisines","8":"product_cat-faiences","9":"product_cat-carrelage-salle-de-bain","11":"first","12":"instock","13":"shipping-taxable","14":"purchasable","15":"product-type-simple"},"_links":{"self":[{"href":"https:\/\/tilefly.com\/fr\/wp-json\/wp\/v2\/product\/547923","targetHints":{"allow":["GET"]}}],"collection":[{"href":"https:\/\/tilefly.com\/fr\/wp-json\/wp\/v2\/product"}],"about":[{"href":"https:\/\/tilefly.com\/fr\/wp-json\/wp\/v2\/types\/product"}],"replies":[{"embeddable":true,"href":"https:\/\/tilefly.com\/fr\/wp-json\/wp\/v2\/comments?post=547923"}],"wp:featuredmedia":[{"embeddable":true,"href":"https:\/\/tilefly.com\/fr\/wp-json\/wp\/v2\/media\/546466"}],"wp:attachment":[{"href":"https:\/\/tilefly.com\/fr\/wp-json\/wp\/v2\/media?parent=547923"}],"wp:term":[{"taxonomy":"product_brand","embeddable":true,"href":"https:\/\/tilefly.com\/fr\/wp-json\/wp\/v2\/product_brand?post=547923"},{"taxonomy":"product_cat","embeddable":true,"href":"https:\/\/tilefly.com\/fr\/wp-json\/wp\/v2\/product_cat?post=547923"},{"taxonomy":"product_tag","embeddable":true,"href":"https:\/\/tilefly.com\/fr\/wp-json\/wp\/v2\/product_tag?post=547923"}],"curies":[{"name":"wp","href":"https:\/\/api.w.org\/{rel}","templated":true}]}}