{"id":547917,"date":"2024-11-15T15:48:02","date_gmt":"2024-11-15T14:48:02","guid":{"rendered":"https:\/\/tilefly.com\/producto\/zuhause-asche-lapatto-rect-60x120\/"},"modified":"2024-11-22T20:07:35","modified_gmt":"2024-11-22T19:07:35","slug":"zuhause-asche-lapatto-rect-60x120","status":"publish","type":"product","link":"https:\/\/tilefly.com\/fr\/produit\/zuhause-asche-lapatto-rect-60x120\/","title":{"rendered":"ZUHAUSE ASCHE LAPATTO RECT 60X120"},"content":{"rendered":"<h2><strong>ZUHAUSE ASCHE LAPATTO RECT 60X120<\/strong><\/h2><\/p><p><strong>ZUHAUSE ASCHE LAPATTO RECT 60X120<\/strong> associe l&#8217;\u00e9l\u00e9gant ton gris \u00e0 une finition lapado qui met en valeur son design imitant le ciment. Ce gr\u00e8s c\u00e9rame est id\u00e9al pour les sols qui recherchent un style sobre et raffin\u00e9, parfait pour les maisons modernes ou classiques. <\/p><p>Faisant partie de la collection <a href=\"https:\/\/tilefly.com\/producto\/zuhause\/\">Zuhause<\/a>, cette pi\u00e8ce est un choix s\u00fbr pour ceux qui appr\u00e9cient la puret\u00e9 et la polyvalence du design.<\/p><p>D\u00e9couvrez la s\u00e9rie Zuhause et donnez une touche unique \u00e0 vos espaces.<\/p>","protected":false},"excerpt":{"rendered":"<p>ZUHAUSE ASCHE LAPATTO RECT 60X120ZUHAUSE ASCHE LAPATTO RECT 60X120 associe l&#8217;\u00e9l\u00e9gant ton gris \u00e0 une finition lapado qui met en valeur son design imitant le ciment. Ce gr\u00e8s c\u00e9rame est id\u00e9al pour les sols qui recherchent un style sobre et raffin\u00e9, parfait pour les maisons modernes ou classiques. Faisant partie de la collection Zuhause, cette [&hellip;]<\/p>\n","protected":false},"featured_media":546439,"comment_status":"open","ping_status":"closed","template":"","meta":[],"product_brand":[],"product_cat":[353,355,356,354],"product_tag":[],"class_list":{"0":"post-547917","1":"product","2":"type-product","3":"status-publish","4":"has-post-thumbnail","6":"product_cat-carrelage","7":"product_cat-cuisines","8":"product_cat-faiences","9":"product_cat-carrelage-salle-de-bain","11":"first","12":"instock","13":"shipping-taxable","14":"purchasable","15":"product-type-simple"},"_links":{"self":[{"href":"https:\/\/tilefly.com\/fr\/wp-json\/wp\/v2\/product\/547917","targetHints":{"allow":["GET"]}}],"collection":[{"href":"https:\/\/tilefly.com\/fr\/wp-json\/wp\/v2\/product"}],"about":[{"href":"https:\/\/tilefly.com\/fr\/wp-json\/wp\/v2\/types\/product"}],"replies":[{"embeddable":true,"href":"https:\/\/tilefly.com\/fr\/wp-json\/wp\/v2\/comments?post=547917"}],"wp:featuredmedia":[{"embeddable":true,"href":"https:\/\/tilefly.com\/fr\/wp-json\/wp\/v2\/media\/546439"}],"wp:attachment":[{"href":"https:\/\/tilefly.com\/fr\/wp-json\/wp\/v2\/media?parent=547917"}],"wp:term":[{"taxonomy":"product_brand","embeddable":true,"href":"https:\/\/tilefly.com\/fr\/wp-json\/wp\/v2\/product_brand?post=547917"},{"taxonomy":"product_cat","embeddable":true,"href":"https:\/\/tilefly.com\/fr\/wp-json\/wp\/v2\/product_cat?post=547917"},{"taxonomy":"product_tag","embeddable":true,"href":"https:\/\/tilefly.com\/fr\/wp-json\/wp\/v2\/product_tag?post=547917"}],"curies":[{"name":"wp","href":"https:\/\/api.w.org\/{rel}","templated":true}]}}