{"id":547914,"date":"2024-11-15T15:47:12","date_gmt":"2024-11-15T14:47:12","guid":{"rendered":"https:\/\/tilefly.com\/producto\/fundy-nut-rect-90x90\/"},"modified":"2024-11-22T20:07:28","modified_gmt":"2024-11-22T19:07:28","slug":"fundy-nut-rect-90x90","status":"publish","type":"product","link":"https:\/\/tilefly.com\/fr\/produit\/fundy-nut-rect-90x90\/","title":{"rendered":"FUNDY NUT RECT 90X90"},"content":{"rendered":"<h2><strong>FUNDY NUT RECT 90X90<\/strong><\/h2><\/p><p><strong>FUNDY NUT RECT 90X90<\/strong> associe le ton chaud du marron \u00e0 un format large qui met en valeur la beaut\u00e9 de l&#8217;imitation bois. Sa finition mate et son design inspir\u00e9 du ch\u00eane sont id\u00e9aux pour les rev\u00eatements de sol qui recherchent le naturel et l&#8217;\u00e9l\u00e9gance. <\/p><p>Faisant partie de la collection <a href=\"https:\/\/tilefly.com\/producto\/yoho\/\">Yoho<\/a>, cette pi\u00e8ce capture l&#8217;essence des paysages canadiens et la r\u00e9silience du ch\u00eane.<\/p><p>D\u00e9couvrez la s\u00e9rie Yoho et cr\u00e9ez des espaces pleins de caract\u00e8re et de style naturel.<\/p>","protected":false},"excerpt":{"rendered":"<p>FUNDY NUT RECT 90X90FUNDY NUT RECT 90X90 associe le ton chaud du marron \u00e0 un format large qui met en valeur la beaut\u00e9 de l&#8217;imitation bois. Sa finition mate et son design inspir\u00e9 du ch\u00eane sont id\u00e9aux pour les rev\u00eatements de sol qui recherchent le naturel et l&#8217;\u00e9l\u00e9gance. Faisant partie de la collection Yoho, cette [&hellip;]<\/p>\n","protected":false},"featured_media":546387,"comment_status":"open","ping_status":"closed","template":"","meta":[],"product_brand":[],"product_cat":[353,355,356,354],"product_tag":[],"class_list":{"0":"post-547914","1":"product","2":"type-product","3":"status-publish","4":"has-post-thumbnail","6":"product_cat-carrelage","7":"product_cat-cuisines","8":"product_cat-faiences","9":"product_cat-carrelage-salle-de-bain","11":"first","12":"outofstock","13":"shipping-taxable","14":"purchasable","15":"product-type-simple"},"_links":{"self":[{"href":"https:\/\/tilefly.com\/fr\/wp-json\/wp\/v2\/product\/547914","targetHints":{"allow":["GET"]}}],"collection":[{"href":"https:\/\/tilefly.com\/fr\/wp-json\/wp\/v2\/product"}],"about":[{"href":"https:\/\/tilefly.com\/fr\/wp-json\/wp\/v2\/types\/product"}],"replies":[{"embeddable":true,"href":"https:\/\/tilefly.com\/fr\/wp-json\/wp\/v2\/comments?post=547914"}],"wp:featuredmedia":[{"embeddable":true,"href":"https:\/\/tilefly.com\/fr\/wp-json\/wp\/v2\/media\/546387"}],"wp:attachment":[{"href":"https:\/\/tilefly.com\/fr\/wp-json\/wp\/v2\/media?parent=547914"}],"wp:term":[{"taxonomy":"product_brand","embeddable":true,"href":"https:\/\/tilefly.com\/fr\/wp-json\/wp\/v2\/product_brand?post=547914"},{"taxonomy":"product_cat","embeddable":true,"href":"https:\/\/tilefly.com\/fr\/wp-json\/wp\/v2\/product_cat?post=547914"},{"taxonomy":"product_tag","embeddable":true,"href":"https:\/\/tilefly.com\/fr\/wp-json\/wp\/v2\/product_tag?post=547914"}],"curies":[{"name":"wp","href":"https:\/\/api.w.org\/{rel}","templated":true}]}}