{"id":547906,"date":"2024-11-15T15:46:47","date_gmt":"2024-11-15T14:46:47","guid":{"rendered":"https:\/\/tilefly.com\/producto\/anti-slip-yoho-nut-rect-22x120\/"},"modified":"2024-11-22T20:07:16","modified_gmt":"2024-11-22T19:07:16","slug":"anti-slip-yoho-nut-rect-22x120","status":"publish","type":"product","link":"https:\/\/tilefly.com\/fr\/produit\/anti-slip-yoho-nut-rect-22x120\/","title":{"rendered":"ANTI-SLIP YOHO NUT RECT 22X120"},"content":{"rendered":"<h2><strong>ANTI-D\u00c9RAPANT YOHO NUT RECT 22X120<\/strong><\/h2><\/p><p>L&#8217;<strong>ANTI-SLIP YOHO NUT RECT 22X120<\/strong> se distingue par son ton brun fonc\u00e9 et son design antid\u00e9rapant, offrant une solution s\u00fbre et \u00e9l\u00e9gante pour l&#8217;ext\u00e9rieur. Sa finition mate et son design imitation bois \u00e9voquent la beaut\u00e9 du ch\u00eane et sa r\u00e9sistance naturelle. <\/p><p>Faisant partie de la collection <a href=\"https:\/\/tilefly.com\/producto\/yoho\/\">Yoho<\/a>, cette pi\u00e8ce allie nature et fonctionnalit\u00e9 dans un format durable et attrayant.<\/p><p>D\u00e9couvrez la s\u00e9rie Yoho et donnez vie \u00e0 vos ext\u00e9rieurs avec cette pi\u00e8ce unique.<\/p>","protected":false},"excerpt":{"rendered":"<p>ANTI-D\u00c9RAPANT YOHO NUT RECT 22X120L&#8217;ANTI-SLIP YOHO NUT RECT 22X120 se distingue par son ton brun fonc\u00e9 et son design antid\u00e9rapant, offrant une solution s\u00fbre et \u00e9l\u00e9gante pour l&#8217;ext\u00e9rieur. Sa finition mate et son design imitation bois \u00e9voquent la beaut\u00e9 du ch\u00eane et sa r\u00e9sistance naturelle. Faisant partie de la collection Yoho, cette pi\u00e8ce allie nature [&hellip;]<\/p>\n","protected":false},"featured_media":546348,"comment_status":"open","ping_status":"closed","template":"","meta":[],"product_brand":[],"product_cat":[353,355,356,354],"product_tag":[],"class_list":{"0":"post-547906","1":"product","2":"type-product","3":"status-publish","4":"has-post-thumbnail","6":"product_cat-carrelage","7":"product_cat-cuisines","8":"product_cat-faiences","9":"product_cat-carrelage-salle-de-bain","11":"first","12":"outofstock","13":"shipping-taxable","14":"purchasable","15":"product-type-simple"},"_links":{"self":[{"href":"https:\/\/tilefly.com\/fr\/wp-json\/wp\/v2\/product\/547906","targetHints":{"allow":["GET"]}}],"collection":[{"href":"https:\/\/tilefly.com\/fr\/wp-json\/wp\/v2\/product"}],"about":[{"href":"https:\/\/tilefly.com\/fr\/wp-json\/wp\/v2\/types\/product"}],"replies":[{"embeddable":true,"href":"https:\/\/tilefly.com\/fr\/wp-json\/wp\/v2\/comments?post=547906"}],"wp:featuredmedia":[{"embeddable":true,"href":"https:\/\/tilefly.com\/fr\/wp-json\/wp\/v2\/media\/546348"}],"wp:attachment":[{"href":"https:\/\/tilefly.com\/fr\/wp-json\/wp\/v2\/media?parent=547906"}],"wp:term":[{"taxonomy":"product_brand","embeddable":true,"href":"https:\/\/tilefly.com\/fr\/wp-json\/wp\/v2\/product_brand?post=547906"},{"taxonomy":"product_cat","embeddable":true,"href":"https:\/\/tilefly.com\/fr\/wp-json\/wp\/v2\/product_cat?post=547906"},{"taxonomy":"product_tag","embeddable":true,"href":"https:\/\/tilefly.com\/fr\/wp-json\/wp\/v2\/product_tag?post=547906"}],"curies":[{"name":"wp","href":"https:\/\/api.w.org\/{rel}","templated":true}]}}