{"id":547899,"date":"2024-11-15T15:46:43","date_gmt":"2024-11-15T14:46:43","guid":{"rendered":"https:\/\/tilefly.com\/producto\/anti-slip-yoho-sesame-rect-22x120\/"},"modified":"2024-11-22T20:07:12","modified_gmt":"2024-11-22T19:07:12","slug":"anti-slip-yoho-sesame-rect-22x120","status":"publish","type":"product","link":"https:\/\/tilefly.com\/fr\/produit\/anti-slip-yoho-sesame-rect-22x120\/","title":{"rendered":"ANTI-SLIP YOHO SESAME RECT 22X120"},"content":{"rendered":"<h2><strong>YOHO S\u00c9SAME RECT ANTID\u00c9RAPANT 22X120<\/strong><\/h2><\/p><p><strong>ANTI-SLIP YOHO SESAME RECT 22X120<\/strong> combine le ton brun chaud avec un design antid\u00e9rapant qui assure la fonctionnalit\u00e9 et le style de votre rev\u00eatement de sol. Sa finition mate et son imitation bois sont id\u00e9ales pour les projets d&#8217;ext\u00e9rieur avec une approche naturelle et r\u00e9sistante. <\/p><p>Cette pi\u00e8ce, qui fait partie de la collection <a href=\"https:\/\/tilefly.com\/producto\/yoho\/\">Yoho<\/a>, refl\u00e8te la beaut\u00e9 du ch\u00eane et la s\u00e9r\u00e9nit\u00e9 du paysage du parc national Yoho.<\/p><p>D\u00e9couvrez la s\u00e9rie Yoho et cr\u00e9ez des espaces ext\u00e9rieurs pleins de caract\u00e8re et de s\u00e9curit\u00e9.<\/p>","protected":false},"excerpt":{"rendered":"<p>YOHO S\u00c9SAME RECT ANTID\u00c9RAPANT 22X120ANTI-SLIP YOHO SESAME RECT 22X120 combine le ton brun chaud avec un design antid\u00e9rapant qui assure la fonctionnalit\u00e9 et le style de votre rev\u00eatement de sol. Sa finition mate et son imitation bois sont id\u00e9ales pour les projets d&#8217;ext\u00e9rieur avec une approche naturelle et r\u00e9sistante. Cette pi\u00e8ce, qui fait partie de [&hellip;]<\/p>\n","protected":false},"featured_media":546335,"comment_status":"open","ping_status":"closed","template":"","meta":[],"product_brand":[],"product_cat":[353,355,356,354],"product_tag":[],"class_list":{"0":"post-547899","1":"product","2":"type-product","3":"status-publish","4":"has-post-thumbnail","6":"product_cat-carrelage","7":"product_cat-cuisines","8":"product_cat-faiences","9":"product_cat-carrelage-salle-de-bain","11":"first","12":"instock","13":"shipping-taxable","14":"purchasable","15":"product-type-simple"},"_links":{"self":[{"href":"https:\/\/tilefly.com\/fr\/wp-json\/wp\/v2\/product\/547899","targetHints":{"allow":["GET"]}}],"collection":[{"href":"https:\/\/tilefly.com\/fr\/wp-json\/wp\/v2\/product"}],"about":[{"href":"https:\/\/tilefly.com\/fr\/wp-json\/wp\/v2\/types\/product"}],"replies":[{"embeddable":true,"href":"https:\/\/tilefly.com\/fr\/wp-json\/wp\/v2\/comments?post=547899"}],"wp:featuredmedia":[{"embeddable":true,"href":"https:\/\/tilefly.com\/fr\/wp-json\/wp\/v2\/media\/546335"}],"wp:attachment":[{"href":"https:\/\/tilefly.com\/fr\/wp-json\/wp\/v2\/media?parent=547899"}],"wp:term":[{"taxonomy":"product_brand","embeddable":true,"href":"https:\/\/tilefly.com\/fr\/wp-json\/wp\/v2\/product_brand?post=547899"},{"taxonomy":"product_cat","embeddable":true,"href":"https:\/\/tilefly.com\/fr\/wp-json\/wp\/v2\/product_cat?post=547899"},{"taxonomy":"product_tag","embeddable":true,"href":"https:\/\/tilefly.com\/fr\/wp-json\/wp\/v2\/product_tag?post=547899"}],"curies":[{"name":"wp","href":"https:\/\/api.w.org\/{rel}","templated":true}]}}