{"id":547890,"date":"2024-11-22T12:49:04","date_gmt":"2024-11-22T19:06:29","guid":{"rendered":"https:\/\/tilefly.com\/producto\/cenefa-coliseum-gold-8x75\/"},"modified":"2024-11-22T20:06:29","modified_gmt":"2024-11-22T19:06:29","slug":"cenefa-coliseum-gold-8x75","status":"publish","type":"product","link":"https:\/\/tilefly.com\/fr\/produit\/cenefa-coliseum-gold-8x75\/","title":{"rendered":"CENEFA COLISEUM GOLD 8X75"},"content":{"rendered":"<h2><strong>GOLD COLISEUM BORDER 8X75<\/strong><\/h2><p><strong> GOLD Le<\/strong> <strong>CENEFRAME COLISEUM 8X75 <\/strong> est id\u00e9al pour ceux qui recherchent un rev\u00eatement d\u00e9coratif avec une finition brillante dans un ton dor\u00e9 exclusif. Cette bordure apporte de la distinction aux salles de bains, aux cuisines ou aux salons, en se distinguant par son design inspir\u00e9 de l&#8217;\u00e9l\u00e9gance du marbre. D&#8217;une dimension de 8&#215;75 cm, elle est parfaite pour ajouter des d\u00e9tails raffin\u00e9s \u00e0 n&#8217;importe quel espace. D\u00e9couvrez comment int\u00e9grer ce produit dans la <a href=\"https:\/\/tilefly.com\/producto\/rex\/\">s\u00e9rie Rex<\/a>.   <\/p>","protected":false},"excerpt":{"rendered":"<p>GOLD COLISEUM BORDER 8X75 GOLD Le CENEFRAME COLISEUM 8X75 est id\u00e9al pour ceux qui recherchent un rev\u00eatement d\u00e9coratif avec une finition brillante dans un ton dor\u00e9 exclusif. Cette bordure apporte de la distinction aux salles de bains, aux cuisines ou aux salons, en se distinguant par son design inspir\u00e9 de l&#8217;\u00e9l\u00e9gance du marbre. D&#8217;une dimension [&hellip;]<\/p>\n","protected":false},"featured_media":547781,"comment_status":"open","ping_status":"closed","template":"","meta":[],"product_brand":[],"product_cat":[355,356,354],"product_tag":[],"class_list":{"0":"post-547890","1":"product","2":"type-product","3":"status-publish","4":"has-post-thumbnail","6":"product_cat-cuisines","7":"product_cat-faiences","8":"product_cat-carrelage-salle-de-bain","10":"first","11":"outofstock","12":"shipping-taxable","13":"purchasable","14":"product-type-simple"},"_links":{"self":[{"href":"https:\/\/tilefly.com\/fr\/wp-json\/wp\/v2\/product\/547890","targetHints":{"allow":["GET"]}}],"collection":[{"href":"https:\/\/tilefly.com\/fr\/wp-json\/wp\/v2\/product"}],"about":[{"href":"https:\/\/tilefly.com\/fr\/wp-json\/wp\/v2\/types\/product"}],"replies":[{"embeddable":true,"href":"https:\/\/tilefly.com\/fr\/wp-json\/wp\/v2\/comments?post=547890"}],"wp:featuredmedia":[{"embeddable":true,"href":"https:\/\/tilefly.com\/fr\/wp-json\/wp\/v2\/media\/547781"}],"wp:attachment":[{"href":"https:\/\/tilefly.com\/fr\/wp-json\/wp\/v2\/media?parent=547890"}],"wp:term":[{"taxonomy":"product_brand","embeddable":true,"href":"https:\/\/tilefly.com\/fr\/wp-json\/wp\/v2\/product_brand?post=547890"},{"taxonomy":"product_cat","embeddable":true,"href":"https:\/\/tilefly.com\/fr\/wp-json\/wp\/v2\/product_cat?post=547890"},{"taxonomy":"product_tag","embeddable":true,"href":"https:\/\/tilefly.com\/fr\/wp-json\/wp\/v2\/product_tag?post=547890"}],"curies":[{"name":"wp","href":"https:\/\/api.w.org\/{rel}","templated":true}]}}