{"id":547887,"date":"2024-11-22T12:37:52","date_gmt":"2024-11-22T19:06:26","guid":{"rendered":"https:\/\/tilefly.com\/producto\/rex\/"},"modified":"2024-11-22T20:06:26","modified_gmt":"2024-11-22T19:06:26","slug":"rex","status":"publish","type":"product","link":"https:\/\/tilefly.com\/fr\/produit\/rex\/","title":{"rendered":"Rex"},"content":{"rendered":"<h2>S\u00e9rie Rex<br \/><\/h2><p>Dans des tons doux ou brillants, en boiserie ou dans le cadre d&#8217;un ensemble d\u00e9coratif ou d&#8217;une \u00e9l\u00e9gante mosa\u00efque, la collection Rex 25X75 est n\u00e9e comme un concept de marbre port\u00e9 au degr\u00e9 de sophistication que nous souhaitons. Cette s\u00e9rie, qui comporte \u00e9galement des bordures et des rosaces, est un compliment de bon go\u00fbt dans les salles de Bain, les salons ou les couloirs gr\u00e2ce \u00e0 ses deux tons g\u00e9n\u00e9raux et \u00e0 ses infinies possibilit\u00e9s et finitions dans des polis brillants et \u00e9l\u00e9gants. Dans son format 25X75 cm, cette collection est aussi polyvalente que belle.<\/p>","protected":false},"excerpt":{"rendered":"<p>S\u00e9rie RexDans des tons doux ou brillants, en boiserie ou dans le cadre d&#8217;un ensemble d\u00e9coratif ou d&#8217;une \u00e9l\u00e9gante mosa\u00efque, la collection Rex 25X75 est n\u00e9e comme un concept de marbre port\u00e9 au degr\u00e9 de sophistication que nous souhaitons. Cette s\u00e9rie, qui comporte \u00e9galement des bordures et des rosaces, est un compliment de bon go\u00fbt [&hellip;]<\/p>\n","protected":false},"featured_media":547708,"comment_status":"closed","ping_status":"closed","template":"","meta":[],"product_brand":[],"product_cat":[353,355,356,354],"product_tag":[],"class_list":{"0":"post-547887","1":"product","2":"type-product","3":"status-publish","4":"has-post-thumbnail","6":"product_cat-carrelage","7":"product_cat-cuisines","8":"product_cat-faiences","9":"product_cat-carrelage-salle-de-bain","11":"first","12":"instock","13":"shipping-taxable","14":"product-type-grouped"},"_links":{"self":[{"href":"https:\/\/tilefly.com\/fr\/wp-json\/wp\/v2\/product\/547887","targetHints":{"allow":["GET"]}}],"collection":[{"href":"https:\/\/tilefly.com\/fr\/wp-json\/wp\/v2\/product"}],"about":[{"href":"https:\/\/tilefly.com\/fr\/wp-json\/wp\/v2\/types\/product"}],"replies":[{"embeddable":true,"href":"https:\/\/tilefly.com\/fr\/wp-json\/wp\/v2\/comments?post=547887"}],"wp:featuredmedia":[{"embeddable":true,"href":"https:\/\/tilefly.com\/fr\/wp-json\/wp\/v2\/media\/547708"}],"wp:attachment":[{"href":"https:\/\/tilefly.com\/fr\/wp-json\/wp\/v2\/media?parent=547887"}],"wp:term":[{"taxonomy":"product_brand","embeddable":true,"href":"https:\/\/tilefly.com\/fr\/wp-json\/wp\/v2\/product_brand?post=547887"},{"taxonomy":"product_cat","embeddable":true,"href":"https:\/\/tilefly.com\/fr\/wp-json\/wp\/v2\/product_cat?post=547887"},{"taxonomy":"product_tag","embeddable":true,"href":"https:\/\/tilefly.com\/fr\/wp-json\/wp\/v2\/product_tag?post=547887"}],"curies":[{"name":"wp","href":"https:\/\/api.w.org\/{rel}","templated":true}]}}