{"id":547880,"date":"2024-11-22T12:33:40","date_gmt":"2024-11-22T11:33:40","guid":{"rendered":"https:\/\/tilefly.com\/producto\/figure-pearl-shine-25x75\/"},"modified":"2024-11-22T20:06:13","modified_gmt":"2024-11-22T19:06:13","slug":"figure-pearl-shine-25x75","status":"publish","type":"product","link":"https:\/\/tilefly.com\/fr\/produit\/figure-pearl-shine-25x75\/","title":{"rendered":"FIGURE PEARL SHINE 25X75"},"content":{"rendered":"<h2><strong>FIGURE PEARL SHINE 25X75<\/strong><\/h2><\/p><p><strong>FIGURE PEARL SHINE 25X75<\/strong> est un carrelage mural qui allie la puret\u00e9 du ton perl\u00e9 \u00e0 la majest\u00e9 du marbre dans une finition brillante. Ce design apporte une sensation d&#8217;espace et de luminosit\u00e9 \u00e0 n&#8217;importe quel espace, ce qui le rend id\u00e9al pour les salles de bains et les salons modernes. Avec des dimensions de 25&#215;75 cm, il s&#8217;adapte parfaitement aux projets de d\u00e9coration qui cherchent \u00e0 se distinguer par leur style et leur \u00e9l\u00e9gance. Red\u00e9finissez la beaut\u00e9 de vos int\u00e9rieurs avec ce produit et d\u00e9couvrez les autres produits de la <a href=\"https:\/\/tilefly.com\/producto\/rex\/\">s\u00e9rie Rex<\/a>.   <\/p>","protected":false},"excerpt":{"rendered":"<p>FIGURE PEARL SHINE 25X75FIGURE PEARL SHINE 25X75 est un carrelage mural qui allie la puret\u00e9 du ton perl\u00e9 \u00e0 la majest\u00e9 du marbre dans une finition brillante. Ce design apporte une sensation d&#8217;espace et de luminosit\u00e9 \u00e0 n&#8217;importe quel espace, ce qui le rend id\u00e9al pour les salles de bains et les salons modernes. Avec [&hellip;]<\/p>\n","protected":false},"featured_media":547728,"comment_status":"open","ping_status":"closed","template":"","meta":[],"product_brand":[],"product_cat":[355,356,354],"product_tag":[],"class_list":{"0":"post-547880","1":"product","2":"type-product","3":"status-publish","4":"has-post-thumbnail","6":"product_cat-cuisines","7":"product_cat-faiences","8":"product_cat-carrelage-salle-de-bain","10":"first","11":"outofstock","12":"shipping-taxable","13":"purchasable","14":"product-type-simple"},"_links":{"self":[{"href":"https:\/\/tilefly.com\/fr\/wp-json\/wp\/v2\/product\/547880","targetHints":{"allow":["GET"]}}],"collection":[{"href":"https:\/\/tilefly.com\/fr\/wp-json\/wp\/v2\/product"}],"about":[{"href":"https:\/\/tilefly.com\/fr\/wp-json\/wp\/v2\/types\/product"}],"replies":[{"embeddable":true,"href":"https:\/\/tilefly.com\/fr\/wp-json\/wp\/v2\/comments?post=547880"}],"wp:featuredmedia":[{"embeddable":true,"href":"https:\/\/tilefly.com\/fr\/wp-json\/wp\/v2\/media\/547728"}],"wp:attachment":[{"href":"https:\/\/tilefly.com\/fr\/wp-json\/wp\/v2\/media?parent=547880"}],"wp:term":[{"taxonomy":"product_brand","embeddable":true,"href":"https:\/\/tilefly.com\/fr\/wp-json\/wp\/v2\/product_brand?post=547880"},{"taxonomy":"product_cat","embeddable":true,"href":"https:\/\/tilefly.com\/fr\/wp-json\/wp\/v2\/product_cat?post=547880"},{"taxonomy":"product_tag","embeddable":true,"href":"https:\/\/tilefly.com\/fr\/wp-json\/wp\/v2\/product_tag?post=547880"}],"curies":[{"name":"wp","href":"https:\/\/api.w.org\/{rel}","templated":true}]}}