{"id":547873,"date":"2024-11-22T12:33:37","date_gmt":"2024-11-22T19:05:55","guid":{"rendered":"https:\/\/tilefly.com\/producto\/figure-cream-shine-25x75\/"},"modified":"2024-11-22T20:05:55","modified_gmt":"2024-11-22T19:05:55","slug":"figure-cream-shine-25x75","status":"publish","type":"product","link":"https:\/\/tilefly.com\/fr\/produit\/figure-cream-shine-25x75\/","title":{"rendered":"FIGURE CREAM SHINE 25X75"},"content":{"rendered":"<h2><strong>FIGURE CREAM SHINE 25X75<\/strong><\/h2><\/p><p><strong>FIGURE CREAM SHINE 25X75<\/strong> allie l&#8217;\u00e9l\u00e9gance du marbre \u00e0 la douceur du ton cr\u00e8me et \u00e0 une finition brillante qui met en valeur n&#8217;importe quel environnement. Id\u00e9al pour les Fa\u00efences murales, ce produit se distingue par sa polyvalence et sa sophistication, s&#8217;adaptant aussi bien aux styles modernes que classiques. Ses dimensions de 25&#215;75 cm en font un choix id\u00e9al pour les salles de bains, les couloirs et les salons. Osez transformer vos espaces avec ce design exclusif. D\u00e9couvrez la <a href=\"https:\/\/tilefly.com\/producto\/rex\/\">s\u00e9rie Rex<\/a>.    <\/p>","protected":false},"excerpt":{"rendered":"<p>FIGURE CREAM SHINE 25X75FIGURE CREAM SHINE 25X75 allie l&#8217;\u00e9l\u00e9gance du marbre \u00e0 la douceur du ton cr\u00e8me et \u00e0 une finition brillante qui met en valeur n&#8217;importe quel environnement. Id\u00e9al pour les Fa\u00efences murales, ce produit se distingue par sa polyvalence et sa sophistication, s&#8217;adaptant aussi bien aux styles modernes que classiques. Ses dimensions de [&hellip;]<\/p>\n","protected":false},"featured_media":547715,"comment_status":"open","ping_status":"closed","template":"","meta":[],"product_brand":[],"product_cat":[355,356,354],"product_tag":[],"class_list":{"0":"post-547873","1":"product","2":"type-product","3":"status-publish","4":"has-post-thumbnail","6":"product_cat-cuisines","7":"product_cat-faiences","8":"product_cat-carrelage-salle-de-bain","10":"first","11":"outofstock","12":"shipping-taxable","13":"purchasable","14":"product-type-simple"},"_links":{"self":[{"href":"https:\/\/tilefly.com\/fr\/wp-json\/wp\/v2\/product\/547873","targetHints":{"allow":["GET"]}}],"collection":[{"href":"https:\/\/tilefly.com\/fr\/wp-json\/wp\/v2\/product"}],"about":[{"href":"https:\/\/tilefly.com\/fr\/wp-json\/wp\/v2\/types\/product"}],"replies":[{"embeddable":true,"href":"https:\/\/tilefly.com\/fr\/wp-json\/wp\/v2\/comments?post=547873"}],"wp:featuredmedia":[{"embeddable":true,"href":"https:\/\/tilefly.com\/fr\/wp-json\/wp\/v2\/media\/547715"}],"wp:attachment":[{"href":"https:\/\/tilefly.com\/fr\/wp-json\/wp\/v2\/media?parent=547873"}],"wp:term":[{"taxonomy":"product_brand","embeddable":true,"href":"https:\/\/tilefly.com\/fr\/wp-json\/wp\/v2\/product_brand?post=547873"},{"taxonomy":"product_cat","embeddable":true,"href":"https:\/\/tilefly.com\/fr\/wp-json\/wp\/v2\/product_cat?post=547873"},{"taxonomy":"product_tag","embeddable":true,"href":"https:\/\/tilefly.com\/fr\/wp-json\/wp\/v2\/product_tag?post=547873"}],"curies":[{"name":"wp","href":"https:\/\/api.w.org\/{rel}","templated":true}]}}