{"id":547859,"date":"2024-11-21T14:33:27","date_gmt":"2024-11-21T13:33:27","guid":{"rendered":"https:\/\/tilefly.com\/producto\/cross-gris-17x52\/"},"modified":"2024-11-22T20:05:30","modified_gmt":"2024-11-22T19:05:30","slug":"cross-gris-17x52","status":"publish","type":"product","link":"https:\/\/tilefly.com\/fr\/produit\/cross-gris-17x52\/","title":{"rendered":"CROSS GRIS 17X52"},"content":{"rendered":"<div class=\"woocommerce-tabs wc-tabs-wrapper\"><div id=\"tab-description\" class=\"woocommerce-Tabs-panel woocommerce-Tabs-panel--description panel entry-content wc-tab\" role=\"tabpanel\" aria-labelledby=\"tab-title-description\"><p>Ce carreau en gr\u00e8s c\u00e9rame de la s\u00e9rie CROSS est un carreau mural id\u00e9al pour l&#8217;int\u00e9rieur et l&#8217;ext\u00e9rieur, avec une texture imitation pierre et une finition mate au format 17X52 centim\u00e8tres.<\/p><\/div><\/div>","protected":false},"excerpt":{"rendered":"<p>Ce carreau en gr\u00e8s c\u00e9rame de la s\u00e9rie CROSS est un carreau mural id\u00e9al pour l&#8217;int\u00e9rieur et l&#8217;ext\u00e9rieur, avec une texture imitation pierre et une finition mate au format 17X52 centim\u00e8tres.<\/p>\n","protected":false},"featured_media":547671,"comment_status":"closed","ping_status":"closed","template":"","meta":[],"product_brand":[],"product_cat":[354,355,356,357],"product_tag":[],"class_list":{"0":"post-547859","1":"product","2":"type-product","3":"status-publish","4":"has-post-thumbnail","6":"product_cat-carrelage-salle-de-bain","7":"product_cat-cuisines","8":"product_cat-faiences","9":"product_cat-carrelage-salon","11":"first","12":"instock","13":"shipping-taxable","14":"purchasable","15":"product-type-simple"},"_links":{"self":[{"href":"https:\/\/tilefly.com\/fr\/wp-json\/wp\/v2\/product\/547859","targetHints":{"allow":["GET"]}}],"collection":[{"href":"https:\/\/tilefly.com\/fr\/wp-json\/wp\/v2\/product"}],"about":[{"href":"https:\/\/tilefly.com\/fr\/wp-json\/wp\/v2\/types\/product"}],"replies":[{"embeddable":true,"href":"https:\/\/tilefly.com\/fr\/wp-json\/wp\/v2\/comments?post=547859"}],"wp:featuredmedia":[{"embeddable":true,"href":"https:\/\/tilefly.com\/fr\/wp-json\/wp\/v2\/media\/547671"}],"wp:attachment":[{"href":"https:\/\/tilefly.com\/fr\/wp-json\/wp\/v2\/media?parent=547859"}],"wp:term":[{"taxonomy":"product_brand","embeddable":true,"href":"https:\/\/tilefly.com\/fr\/wp-json\/wp\/v2\/product_brand?post=547859"},{"taxonomy":"product_cat","embeddable":true,"href":"https:\/\/tilefly.com\/fr\/wp-json\/wp\/v2\/product_cat?post=547859"},{"taxonomy":"product_tag","embeddable":true,"href":"https:\/\/tilefly.com\/fr\/wp-json\/wp\/v2\/product_tag?post=547859"}],"curies":[{"name":"wp","href":"https:\/\/api.w.org\/{rel}","templated":true}]}}