{"id":547856,"date":"2024-11-21T10:39:57","date_gmt":"2024-11-21T09:39:57","guid":{"rendered":"https:\/\/tilefly.com\/producto\/premiere-rc-natural-light-mt-30x60\/"},"modified":"2024-11-22T20:05:16","modified_gmt":"2024-11-22T19:05:16","slug":"premiere-rc-natural-light-mt-30x60","status":"publish","type":"product","link":"https:\/\/tilefly.com\/fr\/produit\/premiere-rc-natural-light-mt-30x60\/","title":{"rendered":"PREMIERE RC NATURAL LIGHT MT 30X60"},"content":{"rendered":"<div class=\"woocommerce-tabs wc-tabs-wrapper\"><div id=\"tab-description\" class=\"woocommerce-Tabs-panel woocommerce-Tabs-panel--description panel entry-content wc-tab\" role=\"tabpanel\" aria-labelledby=\"tab-title-description\"><p>Ce Carreaux en p\u00e2te rouge de la s\u00e9rie PREMIERE est un carrelage mural \u00e9conomique id\u00e9al pour les zones non humides, il a une texture imitation pierre et une finition mate en format 30X60 centim\u00e8tres.<\/p><\/div><\/div>","protected":false},"excerpt":{"rendered":"<p>Ce Carreaux en p\u00e2te rouge de la s\u00e9rie PREMIERE est un carrelage mural \u00e9conomique id\u00e9al pour les zones non humides, il a une texture imitation pierre et une finition mate en format 30X60 centim\u00e8tres.<\/p>\n","protected":false},"featured_media":547618,"comment_status":"closed","ping_status":"closed","template":"","meta":[],"product_brand":[],"product_cat":[354,355,356,357],"product_tag":[],"class_list":{"0":"post-547856","1":"product","2":"type-product","3":"status-publish","4":"has-post-thumbnail","6":"product_cat-carrelage-salle-de-bain","7":"product_cat-cuisines","8":"product_cat-faiences","9":"product_cat-carrelage-salon","11":"first","12":"instock","13":"shipping-taxable","14":"purchasable","15":"product-type-simple"},"_links":{"self":[{"href":"https:\/\/tilefly.com\/fr\/wp-json\/wp\/v2\/product\/547856","targetHints":{"allow":["GET"]}}],"collection":[{"href":"https:\/\/tilefly.com\/fr\/wp-json\/wp\/v2\/product"}],"about":[{"href":"https:\/\/tilefly.com\/fr\/wp-json\/wp\/v2\/types\/product"}],"replies":[{"embeddable":true,"href":"https:\/\/tilefly.com\/fr\/wp-json\/wp\/v2\/comments?post=547856"}],"wp:featuredmedia":[{"embeddable":true,"href":"https:\/\/tilefly.com\/fr\/wp-json\/wp\/v2\/media\/547618"}],"wp:attachment":[{"href":"https:\/\/tilefly.com\/fr\/wp-json\/wp\/v2\/media?parent=547856"}],"wp:term":[{"taxonomy":"product_brand","embeddable":true,"href":"https:\/\/tilefly.com\/fr\/wp-json\/wp\/v2\/product_brand?post=547856"},{"taxonomy":"product_cat","embeddable":true,"href":"https:\/\/tilefly.com\/fr\/wp-json\/wp\/v2\/product_cat?post=547856"},{"taxonomy":"product_tag","embeddable":true,"href":"https:\/\/tilefly.com\/fr\/wp-json\/wp\/v2\/product_tag?post=547856"}],"curies":[{"name":"wp","href":"https:\/\/api.w.org\/{rel}","templated":true}]}}