{"id":547603,"date":"2024-11-20T23:15:17","date_gmt":"2024-11-20T22:15:17","guid":{"rendered":"https:\/\/tilefly.com\/producto\/gleam-blue-115x115\/"},"modified":"2024-11-21T00:59:18","modified_gmt":"2024-11-20T23:59:18","slug":"gleam-blue-115x115","status":"publish","type":"product","link":"https:\/\/tilefly.com\/fr\/produit\/gleam-blue-115x115\/","title":{"rendered":"GLEAM BLUE 11,5X11,5"},"content":{"rendered":"<h2><strong>BLEU BRILLANT 11,5X11,5<\/strong><\/h2><p><strong>Gleam Blue 11,5&#215;11,5<\/strong> apporte dynamisme et personnalit\u00e9 avec son ton bleu vibrant et sa finition mate. Ce gr\u00e8s c\u00e9rame est parfait pour les projets \u00e0 la recherche d&#8217;un design audacieux et contemporain. <\/p><p>Appartenant \u00e0 la collection <a href=\"https:\/\/tilefly.com\/producto\/downtown\/\">Downtown<\/a>, cette pi\u00e8ce est id\u00e9ale pour cr\u00e9er des environnements uniques et modernes qui se distinguent par leur originalit\u00e9.<\/p><p>Faites de vos espaces un symbole de style et de qualit\u00e9 avec ce mod\u00e8le con\u00e7u pour durer.<\/p>","protected":false},"excerpt":{"rendered":"<p>BLEU BRILLANT 11,5X11,5Gleam Blue 11,5&#215;11,5 apporte dynamisme et personnalit\u00e9 avec son ton bleu vibrant et sa finition mate. Ce gr\u00e8s c\u00e9rame est parfait pour les projets \u00e0 la recherche d&#8217;un design audacieux et contemporain. Appartenant \u00e0 la collection Downtown, cette pi\u00e8ce est id\u00e9ale pour cr\u00e9er des environnements uniques et modernes qui se distinguent par leur [&hellip;]<\/p>\n","protected":false},"featured_media":547440,"comment_status":"open","ping_status":"closed","template":"","meta":[],"product_brand":[],"product_cat":[353,355,356,354],"product_tag":[],"class_list":{"0":"post-547603","1":"product","2":"type-product","3":"status-publish","4":"has-post-thumbnail","6":"product_cat-carrelage","7":"product_cat-cuisines","8":"product_cat-faiences","9":"product_cat-carrelage-salle-de-bain","11":"first","12":"outofstock","13":"shipping-taxable","14":"purchasable","15":"product-type-simple"},"_links":{"self":[{"href":"https:\/\/tilefly.com\/fr\/wp-json\/wp\/v2\/product\/547603","targetHints":{"allow":["GET"]}}],"collection":[{"href":"https:\/\/tilefly.com\/fr\/wp-json\/wp\/v2\/product"}],"about":[{"href":"https:\/\/tilefly.com\/fr\/wp-json\/wp\/v2\/types\/product"}],"replies":[{"embeddable":true,"href":"https:\/\/tilefly.com\/fr\/wp-json\/wp\/v2\/comments?post=547603"}],"wp:featuredmedia":[{"embeddable":true,"href":"https:\/\/tilefly.com\/fr\/wp-json\/wp\/v2\/media\/547440"}],"wp:attachment":[{"href":"https:\/\/tilefly.com\/fr\/wp-json\/wp\/v2\/media?parent=547603"}],"wp:term":[{"taxonomy":"product_brand","embeddable":true,"href":"https:\/\/tilefly.com\/fr\/wp-json\/wp\/v2\/product_brand?post=547603"},{"taxonomy":"product_cat","embeddable":true,"href":"https:\/\/tilefly.com\/fr\/wp-json\/wp\/v2\/product_cat?post=547603"},{"taxonomy":"product_tag","embeddable":true,"href":"https:\/\/tilefly.com\/fr\/wp-json\/wp\/v2\/product_tag?post=547603"}],"curies":[{"name":"wp","href":"https:\/\/api.w.org\/{rel}","templated":true}]}}