{"id":547598,"date":"2024-11-20T23:15:28","date_gmt":"2024-11-20T22:15:28","guid":{"rendered":"https:\/\/tilefly.com\/producto\/gleam-blue-57x232\/"},"modified":"2024-11-21T00:59:13","modified_gmt":"2024-11-20T23:59:13","slug":"gleam-blue-57x232","status":"publish","type":"product","link":"https:\/\/tilefly.com\/fr\/produit\/gleam-blue-57x232\/","title":{"rendered":"GLEAM BLUE 5,7X23,2"},"content":{"rendered":"<h2><strong>BLEU BRILLANT 5,7X23,2<\/strong><\/h2><p><strong>Gleam Blue 5,7&#215;23,2<\/strong> apporte une touche vibrante et moderne \u00e0 vos espaces avec sa teinte bleue intense et sa finition mate. Ce gr\u00e8s c\u00e9rame est id\u00e9al pour les projets \u00e0 la recherche d&#8217;un design contemporain et distinctif. <\/p><p>Appartenant \u00e0 la s\u00e9rie <a href=\"https:\/\/tilefly.com\/producto\/downtown\/\">Downtown<\/a>, cette pi\u00e8ce allie l&#8217;esth\u00e9tique fra\u00eeche du ciment \u00e0 un format allong\u00e9 qui met en valeur tout environnement.<\/p><p>Parfait pour l&#8217;int\u00e9rieur et l&#8217;ext\u00e9rieur, ce mod\u00e8le garantit la qualit\u00e9, la durabilit\u00e9 et le style dans les moindres d\u00e9tails.<\/p>","protected":false},"excerpt":{"rendered":"<p>BLEU BRILLANT 5,7X23,2Gleam Blue 5,7&#215;23,2 apporte une touche vibrante et moderne \u00e0 vos espaces avec sa teinte bleue intense et sa finition mate. Ce gr\u00e8s c\u00e9rame est id\u00e9al pour les projets \u00e0 la recherche d&#8217;un design contemporain et distinctif. Appartenant \u00e0 la s\u00e9rie Downtown, cette pi\u00e8ce allie l&#8217;esth\u00e9tique fra\u00eeche du ciment \u00e0 un format allong\u00e9 [&hellip;]<\/p>\n","protected":false},"featured_media":547467,"comment_status":"open","ping_status":"closed","template":"","meta":[],"product_brand":[],"product_cat":[353,355,356,354],"product_tag":[],"class_list":{"0":"post-547598","1":"product","2":"type-product","3":"status-publish","4":"has-post-thumbnail","6":"product_cat-carrelage","7":"product_cat-cuisines","8":"product_cat-faiences","9":"product_cat-carrelage-salle-de-bain","11":"first","12":"instock","13":"shipping-taxable","14":"purchasable","15":"product-type-simple"},"_links":{"self":[{"href":"https:\/\/tilefly.com\/fr\/wp-json\/wp\/v2\/product\/547598","targetHints":{"allow":["GET"]}}],"collection":[{"href":"https:\/\/tilefly.com\/fr\/wp-json\/wp\/v2\/product"}],"about":[{"href":"https:\/\/tilefly.com\/fr\/wp-json\/wp\/v2\/types\/product"}],"replies":[{"embeddable":true,"href":"https:\/\/tilefly.com\/fr\/wp-json\/wp\/v2\/comments?post=547598"}],"wp:featuredmedia":[{"embeddable":true,"href":"https:\/\/tilefly.com\/fr\/wp-json\/wp\/v2\/media\/547467"}],"wp:attachment":[{"href":"https:\/\/tilefly.com\/fr\/wp-json\/wp\/v2\/media?parent=547598"}],"wp:term":[{"taxonomy":"product_brand","embeddable":true,"href":"https:\/\/tilefly.com\/fr\/wp-json\/wp\/v2\/product_brand?post=547598"},{"taxonomy":"product_cat","embeddable":true,"href":"https:\/\/tilefly.com\/fr\/wp-json\/wp\/v2\/product_cat?post=547598"},{"taxonomy":"product_tag","embeddable":true,"href":"https:\/\/tilefly.com\/fr\/wp-json\/wp\/v2\/product_tag?post=547598"}],"curies":[{"name":"wp","href":"https:\/\/api.w.org\/{rel}","templated":true}]}}