{"id":547597,"date":"2024-11-20T23:15:01","date_gmt":"2024-11-20T22:15:01","guid":{"rendered":"https:\/\/tilefly.com\/producto\/downtown-blue-115x115\/"},"modified":"2024-11-21T00:59:05","modified_gmt":"2024-11-20T23:59:05","slug":"downtown-blue-115x115","status":"publish","type":"product","link":"https:\/\/tilefly.com\/fr\/produit\/downtown-blue-115x115\/","title":{"rendered":"DOWNTOWN BLUE 11,5X11,5"},"content":{"rendered":"<h2><strong>BLEU VILLE 11,5X11,5<\/strong><\/h2><p><strong>Downtown Blue 11.5&#215;11.5<\/strong> apporte une personnalit\u00e9 vibrante \u00e0 vos espaces avec sa teinte bleue intense. Ce gr\u00e8s c\u00e9rame, avec une finition mate antid\u00e9rapante CLASS 2, assure fonctionnalit\u00e9 et design innovant. <\/p><p>Faisant partie de la s\u00e9rie <a href=\"https:\/\/tilefly.com\/producto\/downtown\/\">Downtown<\/a>, cette pi\u00e8ce est id\u00e9ale pour les projets recherchant un style audacieux et contemporain.<\/p><p>Il allie qualit\u00e9 et esth\u00e9tique dans ce mod\u00e8le con\u00e7u pour se d\u00e9marquer dans tous les environnements.<\/p>","protected":false},"excerpt":{"rendered":"<p>BLEU VILLE 11,5X11,5Downtown Blue 11.5&#215;11.5 apporte une personnalit\u00e9 vibrante \u00e0 vos espaces avec sa teinte bleue intense. Ce gr\u00e8s c\u00e9rame, avec une finition mate antid\u00e9rapante CLASS 2, assure fonctionnalit\u00e9 et design innovant. Faisant partie de la s\u00e9rie Downtown, cette pi\u00e8ce est id\u00e9ale pour les projets recherchant un style audacieux et contemporain.Il allie qualit\u00e9 et esth\u00e9tique [&hellip;]<\/p>\n","protected":false},"featured_media":547416,"comment_status":"open","ping_status":"closed","template":"","meta":[],"product_brand":[],"product_cat":[353,355,356,354],"product_tag":[],"class_list":{"0":"post-547597","1":"product","2":"type-product","3":"status-publish","4":"has-post-thumbnail","6":"product_cat-carrelage","7":"product_cat-cuisines","8":"product_cat-faiences","9":"product_cat-carrelage-salle-de-bain","11":"first","12":"outofstock","13":"shipping-taxable","14":"purchasable","15":"product-type-simple"},"_links":{"self":[{"href":"https:\/\/tilefly.com\/fr\/wp-json\/wp\/v2\/product\/547597","targetHints":{"allow":["GET"]}}],"collection":[{"href":"https:\/\/tilefly.com\/fr\/wp-json\/wp\/v2\/product"}],"about":[{"href":"https:\/\/tilefly.com\/fr\/wp-json\/wp\/v2\/types\/product"}],"replies":[{"embeddable":true,"href":"https:\/\/tilefly.com\/fr\/wp-json\/wp\/v2\/comments?post=547597"}],"wp:featuredmedia":[{"embeddable":true,"href":"https:\/\/tilefly.com\/fr\/wp-json\/wp\/v2\/media\/547416"}],"wp:attachment":[{"href":"https:\/\/tilefly.com\/fr\/wp-json\/wp\/v2\/media?parent=547597"}],"wp:term":[{"taxonomy":"product_brand","embeddable":true,"href":"https:\/\/tilefly.com\/fr\/wp-json\/wp\/v2\/product_brand?post=547597"},{"taxonomy":"product_cat","embeddable":true,"href":"https:\/\/tilefly.com\/fr\/wp-json\/wp\/v2\/product_cat?post=547597"},{"taxonomy":"product_tag","embeddable":true,"href":"https:\/\/tilefly.com\/fr\/wp-json\/wp\/v2\/product_tag?post=547597"}],"curies":[{"name":"wp","href":"https:\/\/api.w.org\/{rel}","templated":true}]}}