{"id":547588,"date":"2024-11-20T23:14:18","date_gmt":"2024-11-20T22:14:18","guid":{"rendered":"https:\/\/tilefly.com\/producto\/gleam-white-57x232\/"},"modified":"2024-11-21T00:58:55","modified_gmt":"2024-11-20T23:58:55","slug":"gleam-white-57x232","status":"publish","type":"product","link":"https:\/\/tilefly.com\/fr\/produit\/gleam-white-57x232\/","title":{"rendered":"GLEAM WHITE 5,7X23,2"},"content":{"rendered":"<h2><strong>BLANC BRILLANT 5,7X23,2<\/strong><\/h2><p><strong>Gleam White 5.7&#215;23.2<\/strong> illumine et agrandit tout espace gr\u00e2ce \u00e0 sa teinte blanche pure et \u00e0 sa finition mate. Ce gr\u00e8s c\u00e9rame est parfait pour les projets minimalistes et modernes qui recherchent la fra\u00eecheur et la clart\u00e9. <\/p><p>Il fait partie de la collection <a href=\"https:\/\/tilefly.com\/producto\/downtown\/\">Downtown<\/a>, connue pour sa polyvalence et son design inspir\u00e9 du ciment.<\/p><p>Id\u00e9al pour l&#8217;int\u00e9rieur et l&#8217;ext\u00e9rieur, ce mod\u00e8le garantit une esth\u00e9tique irr\u00e9prochable et une qualit\u00e9 exceptionnelle.<\/p>","protected":false},"excerpt":{"rendered":"<p>BLANC BRILLANT 5,7X23,2Gleam White 5.7&#215;23.2 illumine et agrandit tout espace gr\u00e2ce \u00e0 sa teinte blanche pure et \u00e0 sa finition mate. Ce gr\u00e8s c\u00e9rame est parfait pour les projets minimalistes et modernes qui recherchent la fra\u00eecheur et la clart\u00e9. Il fait partie de la collection Downtown, connue pour sa polyvalence et son design inspir\u00e9 du [&hellip;]<\/p>\n","protected":false},"featured_media":547336,"comment_status":"open","ping_status":"closed","template":"","meta":[],"product_brand":[],"product_cat":[353,355,356,354],"product_tag":[],"class_list":{"0":"post-547588","1":"product","2":"type-product","3":"status-publish","4":"has-post-thumbnail","6":"product_cat-carrelage","7":"product_cat-cuisines","8":"product_cat-faiences","9":"product_cat-carrelage-salle-de-bain","11":"first","12":"instock","13":"shipping-taxable","14":"purchasable","15":"product-type-simple"},"_links":{"self":[{"href":"https:\/\/tilefly.com\/fr\/wp-json\/wp\/v2\/product\/547588","targetHints":{"allow":["GET"]}}],"collection":[{"href":"https:\/\/tilefly.com\/fr\/wp-json\/wp\/v2\/product"}],"about":[{"href":"https:\/\/tilefly.com\/fr\/wp-json\/wp\/v2\/types\/product"}],"replies":[{"embeddable":true,"href":"https:\/\/tilefly.com\/fr\/wp-json\/wp\/v2\/comments?post=547588"}],"wp:featuredmedia":[{"embeddable":true,"href":"https:\/\/tilefly.com\/fr\/wp-json\/wp\/v2\/media\/547336"}],"wp:attachment":[{"href":"https:\/\/tilefly.com\/fr\/wp-json\/wp\/v2\/media?parent=547588"}],"wp:term":[{"taxonomy":"product_brand","embeddable":true,"href":"https:\/\/tilefly.com\/fr\/wp-json\/wp\/v2\/product_brand?post=547588"},{"taxonomy":"product_cat","embeddable":true,"href":"https:\/\/tilefly.com\/fr\/wp-json\/wp\/v2\/product_cat?post=547588"},{"taxonomy":"product_tag","embeddable":true,"href":"https:\/\/tilefly.com\/fr\/wp-json\/wp\/v2\/product_tag?post=547588"}],"curies":[{"name":"wp","href":"https:\/\/api.w.org\/{rel}","templated":true}]}}