{"id":547586,"date":"2024-11-20T23:14:09","date_gmt":"2024-11-20T22:14:09","guid":{"rendered":"https:\/\/tilefly.com\/producto\/gleam-rose-57x232\/"},"modified":"2024-11-21T00:58:42","modified_gmt":"2024-11-20T23:58:42","slug":"gleam-rose-57x232","status":"publish","type":"product","link":"https:\/\/tilefly.com\/fr\/produit\/gleam-rose-57x232\/","title":{"rendered":"GLEAM ROSE 5,7X23,2"},"content":{"rendered":"<h2><strong>ROSE \u00c9TINCELANT 5,7X23,2<\/strong><\/h2><p><strong>Gleam Rose 5,7&#215;23,2<\/strong> apporte une touche distinctive et chaleureuse \u00e0 vos espaces avec sa teinte rose tendre et sa finition mate. Ce carreau de sol en porcelaine est id\u00e9al pour les projets \u00e0 la recherche d&#8217;un design moderne avec une touche d&#8217;originalit\u00e9. <\/p><p>Appartenant \u00e0 la collection <a href=\"https:\/\/tilefly.com\/producto\/downtown\/\">Downtown<\/a>, cette pi\u00e8ce est parfaite pour des environnements confortables et fonctionnels, tant \u00e0 l&#8217;int\u00e9rieur qu&#8217;\u00e0 l&#8217;ext\u00e9rieur.<\/p><p>D\u00e9marquez-vous avec un produit qui allie qualit\u00e9, r\u00e9sistance et style dans tous les coins de votre maison ou de votre projet commercial.<\/p>","protected":false},"excerpt":{"rendered":"<p>ROSE \u00c9TINCELANT 5,7X23,2Gleam Rose 5,7&#215;23,2 apporte une touche distinctive et chaleureuse \u00e0 vos espaces avec sa teinte rose tendre et sa finition mate. Ce carreau de sol en porcelaine est id\u00e9al pour les projets \u00e0 la recherche d&#8217;un design moderne avec une touche d&#8217;originalit\u00e9. Appartenant \u00e0 la collection Downtown, cette pi\u00e8ce est parfaite pour des [&hellip;]<\/p>\n","protected":false},"featured_media":547292,"comment_status":"open","ping_status":"closed","template":"","meta":[],"product_brand":[],"product_cat":[353,355,356,354],"product_tag":[],"class_list":{"0":"post-547586","1":"product","2":"type-product","3":"status-publish","4":"has-post-thumbnail","6":"product_cat-carrelage","7":"product_cat-cuisines","8":"product_cat-faiences","9":"product_cat-carrelage-salle-de-bain","11":"first","12":"instock","13":"shipping-taxable","14":"purchasable","15":"product-type-simple"},"_links":{"self":[{"href":"https:\/\/tilefly.com\/fr\/wp-json\/wp\/v2\/product\/547586","targetHints":{"allow":["GET"]}}],"collection":[{"href":"https:\/\/tilefly.com\/fr\/wp-json\/wp\/v2\/product"}],"about":[{"href":"https:\/\/tilefly.com\/fr\/wp-json\/wp\/v2\/types\/product"}],"replies":[{"embeddable":true,"href":"https:\/\/tilefly.com\/fr\/wp-json\/wp\/v2\/comments?post=547586"}],"wp:featuredmedia":[{"embeddable":true,"href":"https:\/\/tilefly.com\/fr\/wp-json\/wp\/v2\/media\/547292"}],"wp:attachment":[{"href":"https:\/\/tilefly.com\/fr\/wp-json\/wp\/v2\/media?parent=547586"}],"wp:term":[{"taxonomy":"product_brand","embeddable":true,"href":"https:\/\/tilefly.com\/fr\/wp-json\/wp\/v2\/product_brand?post=547586"},{"taxonomy":"product_cat","embeddable":true,"href":"https:\/\/tilefly.com\/fr\/wp-json\/wp\/v2\/product_cat?post=547586"},{"taxonomy":"product_tag","embeddable":true,"href":"https:\/\/tilefly.com\/fr\/wp-json\/wp\/v2\/product_tag?post=547586"}],"curies":[{"name":"wp","href":"https:\/\/api.w.org\/{rel}","templated":true}]}}