{"id":547583,"date":"2024-11-20T23:14:14","date_gmt":"2024-11-20T22:14:14","guid":{"rendered":"https:\/\/tilefly.com\/producto\/gleam-grey-57x232\/"},"modified":"2024-11-21T00:58:36","modified_gmt":"2024-11-20T23:58:36","slug":"gleam-grey-57x232","status":"publish","type":"product","link":"https:\/\/tilefly.com\/fr\/produit\/gleam-grey-57x232\/","title":{"rendered":"GLEAM GREY 5,7X23,2"},"content":{"rendered":"<h2><strong>GRIS BRILLANT 5,7X23,2<\/strong><\/h2><p><strong>Gleam Grey 5.7&#215;23.2<\/strong> offre la neutralit\u00e9 et la polyvalence du gris dans un format \u00e9l\u00e9gant et allong\u00e9. Ce gr\u00e8s c\u00e9rame, \u00e0 la finition mate, est id\u00e9al pour les projets qui requi\u00e8rent un \u00e9quilibre entre fonctionnalit\u00e9 et design contemporain. <\/p><p>Faisant partie de la s\u00e9rie <a href=\"https:\/\/tilefly.com\/producto\/downtown\/\">Downtown<\/a>, cette pi\u00e8ce s&#8217;adapte parfaitement aux styles d\u00e9coratifs modernes, offrant une base sobre et sophistiqu\u00e9e.<\/p><p>Faites en sorte que vos espaces refl\u00e8tent la qualit\u00e9 et le style avec ce mod\u00e8le qui assure durabilit\u00e9 et \u00e9l\u00e9gance.<\/p>","protected":false},"excerpt":{"rendered":"<p>GRIS BRILLANT 5,7X23,2Gleam Grey 5.7&#215;23.2 offre la neutralit\u00e9 et la polyvalence du gris dans un format \u00e9l\u00e9gant et allong\u00e9. Ce gr\u00e8s c\u00e9rame, \u00e0 la finition mate, est id\u00e9al pour les projets qui requi\u00e8rent un \u00e9quilibre entre fonctionnalit\u00e9 et design contemporain. Faisant partie de la s\u00e9rie Downtown, cette pi\u00e8ce s&#8217;adapte parfaitement aux styles d\u00e9coratifs modernes, offrant [&hellip;]<\/p>\n","protected":false},"featured_media":547316,"comment_status":"open","ping_status":"closed","template":"","meta":[],"product_brand":[],"product_cat":[353,355,356,354],"product_tag":[],"class_list":{"0":"post-547583","1":"product","2":"type-product","3":"status-publish","4":"has-post-thumbnail","6":"product_cat-carrelage","7":"product_cat-cuisines","8":"product_cat-faiences","9":"product_cat-carrelage-salle-de-bain","11":"first","12":"outofstock","13":"shipping-taxable","14":"purchasable","15":"product-type-simple"},"_links":{"self":[{"href":"https:\/\/tilefly.com\/fr\/wp-json\/wp\/v2\/product\/547583","targetHints":{"allow":["GET"]}}],"collection":[{"href":"https:\/\/tilefly.com\/fr\/wp-json\/wp\/v2\/product"}],"about":[{"href":"https:\/\/tilefly.com\/fr\/wp-json\/wp\/v2\/types\/product"}],"replies":[{"embeddable":true,"href":"https:\/\/tilefly.com\/fr\/wp-json\/wp\/v2\/comments?post=547583"}],"wp:featuredmedia":[{"embeddable":true,"href":"https:\/\/tilefly.com\/fr\/wp-json\/wp\/v2\/media\/547316"}],"wp:attachment":[{"href":"https:\/\/tilefly.com\/fr\/wp-json\/wp\/v2\/media?parent=547583"}],"wp:term":[{"taxonomy":"product_brand","embeddable":true,"href":"https:\/\/tilefly.com\/fr\/wp-json\/wp\/v2\/product_brand?post=547583"},{"taxonomy":"product_cat","embeddable":true,"href":"https:\/\/tilefly.com\/fr\/wp-json\/wp\/v2\/product_cat?post=547583"},{"taxonomy":"product_tag","embeddable":true,"href":"https:\/\/tilefly.com\/fr\/wp-json\/wp\/v2\/product_tag?post=547583"}],"curies":[{"name":"wp","href":"https:\/\/api.w.org\/{rel}","templated":true}]}}