{"id":547575,"date":"2024-11-20T23:14:01","date_gmt":"2024-11-20T22:14:01","guid":{"rendered":"https:\/\/tilefly.com\/producto\/gleam-coal-57x232\/"},"modified":"2024-11-21T00:58:18","modified_gmt":"2024-11-20T23:58:18","slug":"gleam-coal-57x232","status":"publish","type":"product","link":"https:\/\/tilefly.com\/fr\/produit\/gleam-coal-57x232\/","title":{"rendered":"GLEAM COAL 5,7X23,2"},"content":{"rendered":"<h2><strong>CHARBON BRILLANT 5,7X23,2<\/strong><\/h2><p><strong>Gleam Coal 5,7&#215;23,2<\/strong> se distingue par son ton gris fonc\u00e9 qui apporte sophistication et caract\u00e8re \u00e0 tout espace. Ce gr\u00e8s c\u00e9rame, \u00e0 la finition mate, est un choix id\u00e9al pour ceux qui recherchent un design et une fonctionnalit\u00e9 contemporains. <\/p><p>Faisant partie de la collection <a href=\"https:\/\/tilefly.com\/producto\/downtown\/\">Downtown<\/a>, cette pi\u00e8ce est parfaite pour les projets qui requi\u00e8rent une esth\u00e9tique moderne et intemporelle.<\/p><p>Faites briller vos espaces avec ce mod\u00e8le qui allie robustesse et style.<\/p>","protected":false},"excerpt":{"rendered":"<p>CHARBON BRILLANT 5,7X23,2Gleam Coal 5,7&#215;23,2 se distingue par son ton gris fonc\u00e9 qui apporte sophistication et caract\u00e8re \u00e0 tout espace. Ce gr\u00e8s c\u00e9rame, \u00e0 la finition mate, est un choix id\u00e9al pour ceux qui recherchent un design et une fonctionnalit\u00e9 contemporains. Faisant partie de la collection Downtown, cette pi\u00e8ce est parfaite pour les projets qui [&hellip;]<\/p>\n","protected":false},"featured_media":547237,"comment_status":"open","ping_status":"closed","template":"","meta":[],"product_brand":[],"product_cat":[353,355,356,354],"product_tag":[],"class_list":{"0":"post-547575","1":"product","2":"type-product","3":"status-publish","4":"has-post-thumbnail","6":"product_cat-carrelage","7":"product_cat-cuisines","8":"product_cat-faiences","9":"product_cat-carrelage-salle-de-bain","11":"first","12":"outofstock","13":"shipping-taxable","14":"purchasable","15":"product-type-simple"},"_links":{"self":[{"href":"https:\/\/tilefly.com\/fr\/wp-json\/wp\/v2\/product\/547575","targetHints":{"allow":["GET"]}}],"collection":[{"href":"https:\/\/tilefly.com\/fr\/wp-json\/wp\/v2\/product"}],"about":[{"href":"https:\/\/tilefly.com\/fr\/wp-json\/wp\/v2\/types\/product"}],"replies":[{"embeddable":true,"href":"https:\/\/tilefly.com\/fr\/wp-json\/wp\/v2\/comments?post=547575"}],"wp:featuredmedia":[{"embeddable":true,"href":"https:\/\/tilefly.com\/fr\/wp-json\/wp\/v2\/media\/547237"}],"wp:attachment":[{"href":"https:\/\/tilefly.com\/fr\/wp-json\/wp\/v2\/media?parent=547575"}],"wp:term":[{"taxonomy":"product_brand","embeddable":true,"href":"https:\/\/tilefly.com\/fr\/wp-json\/wp\/v2\/product_brand?post=547575"},{"taxonomy":"product_cat","embeddable":true,"href":"https:\/\/tilefly.com\/fr\/wp-json\/wp\/v2\/product_cat?post=547575"},{"taxonomy":"product_tag","embeddable":true,"href":"https:\/\/tilefly.com\/fr\/wp-json\/wp\/v2\/product_tag?post=547575"}],"curies":[{"name":"wp","href":"https:\/\/api.w.org\/{rel}","templated":true}]}}