{"id":547567,"date":"2024-11-20T23:13:51","date_gmt":"2024-11-20T22:13:51","guid":{"rendered":"https:\/\/tilefly.com\/producto\/gleam-grey-115x115\/"},"modified":"2024-11-21T00:57:43","modified_gmt":"2024-11-20T23:57:43","slug":"gleam-grey-115x115","status":"publish","type":"product","link":"https:\/\/tilefly.com\/fr\/produit\/gleam-grey-115x115\/","title":{"rendered":"GLEAM GREY 11,5X11,5"},"content":{"rendered":"<h2><strong>GRIS BRILLANT 11,5X11,5<\/strong><\/h2><p><strong>Gleam Grey 11,5&#215;11,5<\/strong> est une option polyvalente et intemporelle gr\u00e2ce \u00e0 son ton gris neutre et \u00e0 sa finition mate. Ce gr\u00e8s c\u00e9rame est id\u00e9al pour les projets qui recherchent un \u00e9quilibre entre design moderne et fonctionnalit\u00e9. <\/p><p>Appartenant \u00e0 la collection <a href=\"https:\/\/tilefly.com\/producto\/downtown\/\">Downtown<\/a>, cette pi\u00e8ce allie l&#8217;esth\u00e9tique contemporaine du b\u00e9ton \u00e0 un format compact et pratique.<\/p><p>Transformez n&#8217;importe quel espace avec ce mod\u00e8le qui garantit la durabilit\u00e9 et un style sophistiqu\u00e9.<\/p>","protected":false},"excerpt":{"rendered":"<p>GRIS BRILLANT 11,5X11,5Gleam Grey 11,5&#215;11,5 est une option polyvalente et intemporelle gr\u00e2ce \u00e0 son ton gris neutre et \u00e0 sa finition mate. Ce gr\u00e8s c\u00e9rame est id\u00e9al pour les projets qui recherchent un \u00e9quilibre entre design moderne et fonctionnalit\u00e9. Appartenant \u00e0 la collection Downtown, cette pi\u00e8ce allie l&#8217;esth\u00e9tique contemporaine du b\u00e9ton \u00e0 un format compact [&hellip;]<\/p>\n","protected":false},"featured_media":547159,"comment_status":"open","ping_status":"closed","template":"","meta":[],"product_brand":[],"product_cat":[353,355,356,354],"product_tag":[],"class_list":{"0":"post-547567","1":"product","2":"type-product","3":"status-publish","4":"has-post-thumbnail","6":"product_cat-carrelage","7":"product_cat-cuisines","8":"product_cat-faiences","9":"product_cat-carrelage-salle-de-bain","11":"first","12":"instock","13":"shipping-taxable","14":"purchasable","15":"product-type-simple"},"_links":{"self":[{"href":"https:\/\/tilefly.com\/fr\/wp-json\/wp\/v2\/product\/547567","targetHints":{"allow":["GET"]}}],"collection":[{"href":"https:\/\/tilefly.com\/fr\/wp-json\/wp\/v2\/product"}],"about":[{"href":"https:\/\/tilefly.com\/fr\/wp-json\/wp\/v2\/types\/product"}],"replies":[{"embeddable":true,"href":"https:\/\/tilefly.com\/fr\/wp-json\/wp\/v2\/comments?post=547567"}],"wp:featuredmedia":[{"embeddable":true,"href":"https:\/\/tilefly.com\/fr\/wp-json\/wp\/v2\/media\/547159"}],"wp:attachment":[{"href":"https:\/\/tilefly.com\/fr\/wp-json\/wp\/v2\/media?parent=547567"}],"wp:term":[{"taxonomy":"product_brand","embeddable":true,"href":"https:\/\/tilefly.com\/fr\/wp-json\/wp\/v2\/product_brand?post=547567"},{"taxonomy":"product_cat","embeddable":true,"href":"https:\/\/tilefly.com\/fr\/wp-json\/wp\/v2\/product_cat?post=547567"},{"taxonomy":"product_tag","embeddable":true,"href":"https:\/\/tilefly.com\/fr\/wp-json\/wp\/v2\/product_tag?post=547567"}],"curies":[{"name":"wp","href":"https:\/\/api.w.org\/{rel}","templated":true}]}}