{"id":547565,"date":"2024-11-20T23:13:43","date_gmt":"2024-11-20T22:13:43","guid":{"rendered":"https:\/\/tilefly.com\/producto\/gleam-pearl-115x115\/"},"modified":"2024-11-21T00:57:42","modified_gmt":"2024-11-20T23:57:42","slug":"gleam-pearl-115x115","status":"publish","type":"product","link":"https:\/\/tilefly.com\/fr\/produit\/gleam-pearl-115x115\/","title":{"rendered":"GLEAM PEARL 11,5X11,5"},"content":{"rendered":"<h2><strong>PERLE BRILLANTE 11,5X11,5<\/strong><\/h2><p><strong>Gleam Pearl 11,5&#215;11,5<\/strong> associe le ton d\u00e9licat de la perle \u00e0 une finition mate pour une esth\u00e9tique nette et moderne. Ce gr\u00e8s c\u00e9rame est id\u00e9al pour ceux qui recherchent de la luminosit\u00e9 et de l&#8217;\u00e9l\u00e9gance dans leurs espaces. <\/p><p>Faisant partie de la collection <a href=\"https:\/\/tilefly.com\/producto\/downtown\/\">Downtown<\/a>, cette pi\u00e8ce fusionne l&#8217;essence du b\u00e9ton avec un design raffin\u00e9 et fonctionnel.<\/p><p>Parfait pour les projets r\u00e9sidentiels et commerciaux, ce mod\u00e8le garantit la qualit\u00e9, la durabilit\u00e9 et le style.<\/p>","protected":false},"excerpt":{"rendered":"<p>PERLE BRILLANTE 11,5X11,5Gleam Pearl 11,5&#215;11,5 associe le ton d\u00e9licat de la perle \u00e0 une finition mate pour une esth\u00e9tique nette et moderne. Ce gr\u00e8s c\u00e9rame est id\u00e9al pour ceux qui recherchent de la luminosit\u00e9 et de l&#8217;\u00e9l\u00e9gance dans leurs espaces. Faisant partie de la collection Downtown, cette pi\u00e8ce fusionne l&#8217;essence du b\u00e9ton avec un design [&hellip;]<\/p>\n","protected":false},"featured_media":547107,"comment_status":"open","ping_status":"closed","template":"","meta":[],"product_brand":[],"product_cat":[353,355,356,354],"product_tag":[],"class_list":{"0":"post-547565","1":"product","2":"type-product","3":"status-publish","4":"has-post-thumbnail","6":"product_cat-carrelage","7":"product_cat-cuisines","8":"product_cat-faiences","9":"product_cat-carrelage-salle-de-bain","11":"first","12":"instock","13":"shipping-taxable","14":"purchasable","15":"product-type-simple"},"_links":{"self":[{"href":"https:\/\/tilefly.com\/fr\/wp-json\/wp\/v2\/product\/547565","targetHints":{"allow":["GET"]}}],"collection":[{"href":"https:\/\/tilefly.com\/fr\/wp-json\/wp\/v2\/product"}],"about":[{"href":"https:\/\/tilefly.com\/fr\/wp-json\/wp\/v2\/types\/product"}],"replies":[{"embeddable":true,"href":"https:\/\/tilefly.com\/fr\/wp-json\/wp\/v2\/comments?post=547565"}],"wp:featuredmedia":[{"embeddable":true,"href":"https:\/\/tilefly.com\/fr\/wp-json\/wp\/v2\/media\/547107"}],"wp:attachment":[{"href":"https:\/\/tilefly.com\/fr\/wp-json\/wp\/v2\/media?parent=547565"}],"wp:term":[{"taxonomy":"product_brand","embeddable":true,"href":"https:\/\/tilefly.com\/fr\/wp-json\/wp\/v2\/product_brand?post=547565"},{"taxonomy":"product_cat","embeddable":true,"href":"https:\/\/tilefly.com\/fr\/wp-json\/wp\/v2\/product_cat?post=547565"},{"taxonomy":"product_tag","embeddable":true,"href":"https:\/\/tilefly.com\/fr\/wp-json\/wp\/v2\/product_tag?post=547565"}],"curies":[{"name":"wp","href":"https:\/\/api.w.org\/{rel}","templated":true}]}}