{"id":547560,"date":"2024-11-20T23:13:48","date_gmt":"2024-11-20T22:13:48","guid":{"rendered":"https:\/\/tilefly.com\/producto\/gleam-rose-115x115\/"},"modified":"2024-11-21T00:57:36","modified_gmt":"2024-11-20T23:57:36","slug":"gleam-rose-115x115","status":"publish","type":"product","link":"https:\/\/tilefly.com\/fr\/produit\/gleam-rose-115x115\/","title":{"rendered":"GLEAM ROSE 11,5X11,5"},"content":{"rendered":"<h2><strong>ROSE BRILLANT 11,5X11,5<\/strong><\/h2><p><strong>Gleam Rose 11,5&#215;11,5<\/strong> apporte une touche distinctive \u00e0 vos espaces avec sa teinte rose subtile et sa finition mate. Ce gr\u00e8s c\u00e9rame allie modernit\u00e9 et chaleur, id\u00e9al pour des projets uniques et originaux. <\/p><p>Elle fait partie de la s\u00e9rie <a href=\"https:\/\/tilefly.com\/producto\/downtown\/\">Downtown<\/a>, qui se distingue par ses designs inspir\u00e9s de la tradition du ciment et de la c\u00e9ramique.<\/p><p>Faites de vos pi\u00e8ces le reflet de votre style et de votre personnalit\u00e9 avec ce mod\u00e8le polyvalent et \u00e9l\u00e9gant.<\/p>","protected":false},"excerpt":{"rendered":"<p>ROSE BRILLANT 11,5X11,5Gleam Rose 11,5&#215;11,5 apporte une touche distinctive \u00e0 vos espaces avec sa teinte rose subtile et sa finition mate. Ce gr\u00e8s c\u00e9rame allie modernit\u00e9 et chaleur, id\u00e9al pour des projets uniques et originaux. Elle fait partie de la s\u00e9rie Downtown, qui se distingue par ses designs inspir\u00e9s de la tradition du ciment et [&hellip;]<\/p>\n","protected":false},"featured_media":547133,"comment_status":"open","ping_status":"closed","template":"","meta":[],"product_brand":[],"product_cat":[353,355,356,354],"product_tag":[],"class_list":{"0":"post-547560","1":"product","2":"type-product","3":"status-publish","4":"has-post-thumbnail","6":"product_cat-carrelage","7":"product_cat-cuisines","8":"product_cat-faiences","9":"product_cat-carrelage-salle-de-bain","11":"first","12":"outofstock","13":"shipping-taxable","14":"purchasable","15":"product-type-simple"},"_links":{"self":[{"href":"https:\/\/tilefly.com\/fr\/wp-json\/wp\/v2\/product\/547560","targetHints":{"allow":["GET"]}}],"collection":[{"href":"https:\/\/tilefly.com\/fr\/wp-json\/wp\/v2\/product"}],"about":[{"href":"https:\/\/tilefly.com\/fr\/wp-json\/wp\/v2\/types\/product"}],"replies":[{"embeddable":true,"href":"https:\/\/tilefly.com\/fr\/wp-json\/wp\/v2\/comments?post=547560"}],"wp:featuredmedia":[{"embeddable":true,"href":"https:\/\/tilefly.com\/fr\/wp-json\/wp\/v2\/media\/547133"}],"wp:attachment":[{"href":"https:\/\/tilefly.com\/fr\/wp-json\/wp\/v2\/media?parent=547560"}],"wp:term":[{"taxonomy":"product_brand","embeddable":true,"href":"https:\/\/tilefly.com\/fr\/wp-json\/wp\/v2\/product_brand?post=547560"},{"taxonomy":"product_cat","embeddable":true,"href":"https:\/\/tilefly.com\/fr\/wp-json\/wp\/v2\/product_cat?post=547560"},{"taxonomy":"product_tag","embeddable":true,"href":"https:\/\/tilefly.com\/fr\/wp-json\/wp\/v2\/product_tag?post=547560"}],"curies":[{"name":"wp","href":"https:\/\/api.w.org\/{rel}","templated":true}]}}