{"id":547558,"date":"2024-11-20T23:13:34","date_gmt":"2024-11-20T22:13:34","guid":{"rendered":"https:\/\/tilefly.com\/producto\/gleam-coal-115x115\/"},"modified":"2024-11-21T00:57:32","modified_gmt":"2024-11-20T23:57:32","slug":"gleam-coal-115x115","status":"publish","type":"product","link":"https:\/\/tilefly.com\/fr\/produit\/gleam-coal-115x115\/","title":{"rendered":"GLEAM COAL 11,5X11,5"},"content":{"rendered":"<h2><strong>GLEAM COAL 11,5X11,5<\/strong><\/h2><p><strong>Gleam Coal 11,5&#215;11,5<\/strong> a un ton gris fonc\u00e9 \u00e9l\u00e9gant qui apporte de la sophistication \u00e0 n&#8217;importe quel environnement. Ce gr\u00e8s c\u00e9rame, \u00e0 la finition mate, est parfait pour cr\u00e9er des espaces modernes et raffin\u00e9s. <\/p><p>Faisant partie de la s\u00e9rie <a href=\"https:\/\/tilefly.com\/producto\/downtown\/\">Downtown<\/a>, cette pi\u00e8ce allie la fra\u00eecheur du b\u00e9ton \u00e0 un design polyvalent et intemporel.<\/p><p>Faites de vos projets un reflet de style et de qualit\u00e9 avec ce mod\u00e8le con\u00e7u pour durer.<\/p>","protected":false},"excerpt":{"rendered":"<p>GLEAM COAL 11,5X11,5Gleam Coal 11,5&#215;11,5 a un ton gris fonc\u00e9 \u00e9l\u00e9gant qui apporte de la sophistication \u00e0 n&#8217;importe quel environnement. Ce gr\u00e8s c\u00e9rame, \u00e0 la finition mate, est parfait pour cr\u00e9er des espaces modernes et raffin\u00e9s. Faisant partie de la s\u00e9rie Downtown, cette pi\u00e8ce allie la fra\u00eecheur du b\u00e9ton \u00e0 un design polyvalent et intemporel.Faites [&hellip;]<\/p>\n","protected":false},"featured_media":547081,"comment_status":"open","ping_status":"closed","template":"","meta":[],"product_brand":[],"product_cat":[353,355,356,354],"product_tag":[],"class_list":{"0":"post-547558","1":"product","2":"type-product","3":"status-publish","4":"has-post-thumbnail","6":"product_cat-carrelage","7":"product_cat-cuisines","8":"product_cat-faiences","9":"product_cat-carrelage-salle-de-bain","11":"first","12":"outofstock","13":"shipping-taxable","14":"purchasable","15":"product-type-simple"},"_links":{"self":[{"href":"https:\/\/tilefly.com\/fr\/wp-json\/wp\/v2\/product\/547558","targetHints":{"allow":["GET"]}}],"collection":[{"href":"https:\/\/tilefly.com\/fr\/wp-json\/wp\/v2\/product"}],"about":[{"href":"https:\/\/tilefly.com\/fr\/wp-json\/wp\/v2\/types\/product"}],"replies":[{"embeddable":true,"href":"https:\/\/tilefly.com\/fr\/wp-json\/wp\/v2\/comments?post=547558"}],"wp:featuredmedia":[{"embeddable":true,"href":"https:\/\/tilefly.com\/fr\/wp-json\/wp\/v2\/media\/547081"}],"wp:attachment":[{"href":"https:\/\/tilefly.com\/fr\/wp-json\/wp\/v2\/media?parent=547558"}],"wp:term":[{"taxonomy":"product_brand","embeddable":true,"href":"https:\/\/tilefly.com\/fr\/wp-json\/wp\/v2\/product_brand?post=547558"},{"taxonomy":"product_cat","embeddable":true,"href":"https:\/\/tilefly.com\/fr\/wp-json\/wp\/v2\/product_cat?post=547558"},{"taxonomy":"product_tag","embeddable":true,"href":"https:\/\/tilefly.com\/fr\/wp-json\/wp\/v2\/product_tag?post=547558"}],"curies":[{"name":"wp","href":"https:\/\/api.w.org\/{rel}","templated":true}]}}